{"id":101991,"date":"2026-01-13T11:58:04","date_gmt":"2026-01-13T10:58:04","guid":{"rendered":"https:\/\/sandybrown-lark-277155.hostingersite.com\/?post_type=product&#038;p=101991"},"modified":"2026-04-20T18:17:15","modified_gmt":"2026-04-20T16:17:15","slug":"bracciale-ematite-riso-grande-elastico","status":"publish","type":"product","link":"https:\/\/brandgioielli.it\/de\/produkt\/bracciale-ematite-riso-grande-elastico\/","title":{"rendered":"Gro\u00dfes elastisches Armband aus Reish\u00e4matit"},"content":{"rendered":"<h2><strong>Gro\u00dfes elastisches Armband aus Reish\u00e4matit<\/strong><\/h2>\n<p>Das gro\u00dfe, elastische H\u00e4matit-Armband von #Brand Gioielli besticht durch sein schlichtes und zugleich raffiniertes Design. Eine Abfolge l\u00e4nglicher, harmonischer H\u00e4matit-Elemente erzeugt ein elegantes Lichtspiel auf der polierten Oberfl\u00e4che. Die klare, geradlinige Komposition verleiht dem Schmuckst\u00fcck einen modernen und vielseitigen Stil \u2013 perfekt f\u00fcr den Alltag oder kombiniert mit anderen Accessoires f\u00fcr einen eleganteren Look. Ein Armband mit zeitgen\u00f6ssischem Charme, das das Handgelenk dezent und charaktervoll in Szene setzt.<\/p>\n<p><strong>TECHNISCHE DATEN<\/strong><\/p>\n<ul>\n<li>Gro\u00dfes elastisches Armband aus Reish\u00e4matit<\/li>\n<li>L\u00e4nge: passend f\u00fcr ein 16 cm Handgelenk<\/li>\n<li>Reiskorngr\u00f6\u00dfe: 5,8 mm<\/li>\n<li>Ausf\u00fchrung: Stahl oder Schwarz PVD<\/li>\n<li>Material: H\u00e4matit und H\u00e4matit-Rhodium<\/li>\n<\/ul>\n<p><em>Alle Schmuckst\u00fccke der Marke #Brand sind aus dem reinsten chirurgischen Edelstahl auf dem Markt hergestellt, auf Nickel getestet und so konzipiert, dass sie jeden Tag getragen werden k\u00f6nnen, ohne dass Verf\u00e4rbungen oder Verschlei\u00dferscheinungen zu bef\u00fcrchten sind.<\/em><\/p>","protected":false},"excerpt":{"rendered":"<p>Bracciale Ematite Riso Grande Elastico Il bracciale in ematite riso grande elastico firmato #Brand Gioielli si distingue per il suo design essenziale e sofisticato, caratterizzato da una sequenza di elementi in ematite dalla forma allungata e armoniosa, che creano un elegante gioco di riflessi sulla superficie lucida. La composizione pulita e lineare dona al gioiello [&hellip;]<\/p>\n","protected":false},"featured_media":101994,"template":"","meta":[],"product_brand":[],"product_cat":[459,20,19,505,15],"product_tag":[29,541],"class_list":{"0":"post-101991","1":"product","2":"type-product","3":"status-publish","4":"has-post-thumbnail","6":"product_cat-bracciali","7":"product_cat-bracciali-donna","8":"product_cat-donna","9":"product_cat-sotto-i-10e","10":"product_cat-uncategorized","11":"product_tag-collezione-basi","12":"product_tag-componibili","14":"first","15":"instock","16":"shipping-taxable","17":"purchasable","18":"product-type-variable"},"yoast_head":"<!-- This site is optimized with the Yoast SEO plugin v27.4 - https:\/\/yoast.com\/product\/yoast-seo-wordpress\/ -->\n<title>Bracciale Ematite Riso Grande Elastico - #BrandGioielli<\/title>\n<meta name=\"description\" content=\"Acquista ora su Brand Gioielli: Bracciale Ematite Riso Grande Elastico\" \/>\n<meta name=\"robots\" content=\"index, follow, max-snippet:-1, max-image-preview:large, max-video-preview:-1\" \/>\n<link rel=\"canonical\" href=\"https:\/\/brandgioielli.it\/de\/produkt\/bracciale-ematite-riso-grande-elastico\/\" \/>\n<meta property=\"og:locale\" content=\"de_DE\" \/>\n<meta property=\"og:type\" content=\"article\" \/>\n<meta property=\"og:title\" content=\"Bracciale Ematite Riso Grande Elastico - #BrandGioielli\" \/>\n<meta property=\"og:description\" content=\"Acquista ora su Brand Gioielli: Bracciale Ematite Riso Grande Elastico\" \/>\n<meta property=\"og:url\" content=\"https:\/\/brandgioielli.it\/de\/produkt\/bracciale-ematite-riso-grande-elastico\/\" \/>\n<meta property=\"og:site_name\" content=\"#BrandGioielli\" \/>\n<meta property=\"article:modified_time\" content=\"2026-04-20T16:17:15+00:00\" \/>\n<meta property=\"og:image\" content=\"http:\/\/brandgioielli.it\/wp-content\/uploads\/2026\/01\/bracciale-donna-ematite-riso-rodio.jpg\" \/>\n\t<meta property=\"og:image:width\" content=\"800\" \/>\n\t<meta property=\"og:image:height\" content=\"800\" \/>\n\t<meta property=\"og:image:type\" content=\"image\/jpeg\" \/>\n<meta name=\"twitter:card\" content=\"summary_large_image\" \/>\n<meta name=\"twitter:label1\" content=\"Gesch\u00e4tzte Lesezeit\" \/>\n\t<meta name=\"twitter:data1\" content=\"2\u00a0Minuten\" \/>\n<script type=\"application\/ld+json\" class=\"yoast-schema-graph\">{\"@context\":\"https:\\\/\\\/schema.org\",\"@graph\":[{\"@type\":\"WebPage\",\"@id\":\"https:\\\/\\\/brandgioielli.it\\\/prodotto\\\/bracciale-ematite-riso-grande-elastico\\\/\",\"url\":\"https:\\\/\\\/brandgioielli.it\\\/prodotto\\\/bracciale-ematite-riso-grande-elastico\\\/\",\"name\":\"Bracciale Ematite Riso Grande Elastico - #BrandGioielli\",\"isPartOf\":{\"@id\":\"https:\\\/\\\/brandgioielli.it\\\/#website\"},\"primaryImageOfPage\":{\"@id\":\"https:\\\/\\\/brandgioielli.it\\\/prodotto\\\/bracciale-ematite-riso-grande-elastico\\\/#primaryimage\"},\"image\":{\"@id\":\"https:\\\/\\\/brandgioielli.it\\\/prodotto\\\/bracciale-ematite-riso-grande-elastico\\\/#primaryimage\"},\"thumbnailUrl\":\"https:\\\/\\\/brandgioielli.it\\\/wp-content\\\/uploads\\\/2026\\\/01\\\/bracciale-donna-ematite-riso-rodio.jpg\",\"datePublished\":\"2026-01-13T10:58:04+00:00\",\"dateModified\":\"2026-04-20T16:17:15+00:00\",\"description\":\"Acquista ora su Brand Gioielli: Bracciale Ematite Riso Grande Elastico\",\"breadcrumb\":{\"@id\":\"https:\\\/\\\/brandgioielli.it\\\/prodotto\\\/bracciale-ematite-riso-grande-elastico\\\/#breadcrumb\"},\"inLanguage\":\"de\",\"potentialAction\":[{\"@type\":\"ReadAction\",\"target\":[\"https:\\\/\\\/brandgioielli.it\\\/prodotto\\\/bracciale-ematite-riso-grande-elastico\\\/\"]}]},{\"@type\":\"ImageObject\",\"inLanguage\":\"de\",\"@id\":\"https:\\\/\\\/brandgioielli.it\\\/prodotto\\\/bracciale-ematite-riso-grande-elastico\\\/#primaryimage\",\"url\":\"https:\\\/\\\/brandgioielli.it\\\/wp-content\\\/uploads\\\/2026\\\/01\\\/bracciale-donna-ematite-riso-rodio.jpg\",\"contentUrl\":\"https:\\\/\\\/brandgioielli.it\\\/wp-content\\\/uploads\\\/2026\\\/01\\\/bracciale-donna-ematite-riso-rodio.jpg\",\"width\":800,\"height\":800},{\"@type\":\"BreadcrumbList\",\"@id\":\"https:\\\/\\\/brandgioielli.it\\\/prodotto\\\/bracciale-ematite-riso-grande-elastico\\\/#breadcrumb\",\"itemListElement\":[{\"@type\":\"ListItem\",\"position\":1,\"name\":\"Home\",\"item\":\"https:\\\/\\\/brandgioielli.it\\\/\"},{\"@type\":\"ListItem\",\"position\":2,\"name\":\"Shop\",\"item\":\"https:\\\/\\\/brandgioielli.it\\\/shop\\\/\"},{\"@type\":\"ListItem\",\"position\":3,\"name\":\"Bracciale Ematite Riso Grande Elastico\"}]},{\"@type\":\"WebSite\",\"@id\":\"https:\\\/\\\/brandgioielli.it\\\/#website\",\"url\":\"https:\\\/\\\/brandgioielli.it\\\/\",\"name\":\"#BrandGioielli\",\"description\":\"\",\"publisher\":{\"@id\":\"https:\\\/\\\/brandgioielli.it\\\/#organization\"},\"potentialAction\":[{\"@type\":\"SearchAction\",\"target\":{\"@type\":\"EntryPoint\",\"urlTemplate\":\"https:\\\/\\\/brandgioielli.it\\\/?s={search_term_string}\"},\"query-input\":{\"@type\":\"PropertyValueSpecification\",\"valueRequired\":true,\"valueName\":\"search_term_string\"}}],\"inLanguage\":\"de\"},{\"@type\":\"Organization\",\"@id\":\"https:\\\/\\\/brandgioielli.it\\\/#organization\",\"name\":\"Brand Gioielli\",\"url\":\"https:\\\/\\\/brandgioielli.it\\\/\",\"logo\":{\"@type\":\"ImageObject\",\"inLanguage\":\"de\",\"@id\":\"https:\\\/\\\/brandgioielli.it\\\/#\\\/schema\\\/logo\\\/image\\\/\",\"url\":\"https:\\\/\\\/brandgioielli.it\\\/wp-content\\\/uploads\\\/2025\\\/07\\\/LogoBrand.png\",\"contentUrl\":\"https:\\\/\\\/brandgioielli.it\\\/wp-content\\\/uploads\\\/2025\\\/07\\\/LogoBrand.png\",\"width\":600,\"height\":170,\"caption\":\"Brand Gioielli\"},\"image\":{\"@id\":\"https:\\\/\\\/brandgioielli.it\\\/#\\\/schema\\\/logo\\\/image\\\/\"}}]}<\/script>\n<!-- \/ Yoast SEO plugin. -->","yoast_head_json":{"title":"Gro\u00dfes elastisches Reis-H\u00e4matit-Armband - #BrandGioielli","description":"Jetzt bei Brand Gioielli shoppen: Gro\u00dfes elastisches H\u00e4matit-Reisarmband","robots":{"index":"index","follow":"follow","max-snippet":"max-snippet:-1","max-image-preview":"max-image-preview:large","max-video-preview":"max-video-preview:-1"},"canonical":"https:\/\/brandgioielli.it\/de\/produkt\/bracciale-ematite-riso-grande-elastico\/","og_locale":"de_DE","og_type":"article","og_title":"Bracciale Ematite Riso Grande Elastico - #BrandGioielli","og_description":"Acquista ora su Brand Gioielli: Bracciale Ematite Riso Grande Elastico","og_url":"https:\/\/brandgioielli.it\/de\/produkt\/bracciale-ematite-riso-grande-elastico\/","og_site_name":"#BrandGioielli","article_modified_time":"2026-04-20T16:17:15+00:00","og_image":[{"width":800,"height":800,"url":"http:\/\/brandgioielli.it\/wp-content\/uploads\/2026\/01\/bracciale-donna-ematite-riso-rodio.jpg","type":"image\/jpeg"}],"twitter_card":"summary_large_image","twitter_misc":{"Gesch\u00e4tzte Lesezeit":"2\u00a0Minuten"},"schema":{"@context":"https:\/\/schema.org","@graph":[{"@type":"WebPage","@id":"https:\/\/brandgioielli.it\/prodotto\/bracciale-ematite-riso-grande-elastico\/","url":"https:\/\/brandgioielli.it\/prodotto\/bracciale-ematite-riso-grande-elastico\/","name":"Gro\u00dfes elastisches Reis-H\u00e4matit-Armband - #BrandGioielli","isPartOf":{"@id":"https:\/\/brandgioielli.it\/#website"},"primaryImageOfPage":{"@id":"https:\/\/brandgioielli.it\/prodotto\/bracciale-ematite-riso-grande-elastico\/#primaryimage"},"image":{"@id":"https:\/\/brandgioielli.it\/prodotto\/bracciale-ematite-riso-grande-elastico\/#primaryimage"},"thumbnailUrl":"https:\/\/brandgioielli.it\/wp-content\/uploads\/2026\/01\/bracciale-donna-ematite-riso-rodio.jpg","datePublished":"2026-01-13T10:58:04+00:00","dateModified":"2026-04-20T16:17:15+00:00","description":"Jetzt bei Brand Gioielli shoppen: Gro\u00dfes elastisches H\u00e4matit-Reisarmband","breadcrumb":{"@id":"https:\/\/brandgioielli.it\/prodotto\/bracciale-ematite-riso-grande-elastico\/#breadcrumb"},"inLanguage":"de","potentialAction":[{"@type":"ReadAction","target":["https:\/\/brandgioielli.it\/prodotto\/bracciale-ematite-riso-grande-elastico\/"]}]},{"@type":"ImageObject","inLanguage":"de","@id":"https:\/\/brandgioielli.it\/prodotto\/bracciale-ematite-riso-grande-elastico\/#primaryimage","url":"https:\/\/brandgioielli.it\/wp-content\/uploads\/2026\/01\/bracciale-donna-ematite-riso-rodio.jpg","contentUrl":"https:\/\/brandgioielli.it\/wp-content\/uploads\/2026\/01\/bracciale-donna-ematite-riso-rodio.jpg","width":800,"height":800},{"@type":"BreadcrumbList","@id":"https:\/\/brandgioielli.it\/prodotto\/bracciale-ematite-riso-grande-elastico\/#breadcrumb","itemListElement":[{"@type":"ListItem","position":1,"name":"Home","item":"https:\/\/brandgioielli.it\/"},{"@type":"ListItem","position":2,"name":"Shop","item":"https:\/\/brandgioielli.it\/shop\/"},{"@type":"ListItem","position":3,"name":"Bracciale Ematite Riso Grande Elastico"}]},{"@type":"WebSite","@id":"https:\/\/brandgioielli.it\/#website","url":"https:\/\/brandgioielli.it\/","name":"#BrandGioielli","description":"","publisher":{"@id":"https:\/\/brandgioielli.it\/#organization"},"potentialAction":[{"@type":"SearchAction","target":{"@type":"EntryPoint","urlTemplate":"https:\/\/brandgioielli.it\/?s={search_term_string}"},"query-input":{"@type":"PropertyValueSpecification","valueRequired":true,"valueName":"search_term_string"}}],"inLanguage":"de"},{"@type":"Organization","@id":"https:\/\/brandgioielli.it\/#organization","name":"Markenschmuck","url":"https:\/\/brandgioielli.it\/","logo":{"@type":"ImageObject","inLanguage":"de","@id":"https:\/\/brandgioielli.it\/#\/schema\/logo\/image\/","url":"https:\/\/brandgioielli.it\/wp-content\/uploads\/2025\/07\/LogoBrand.png","contentUrl":"https:\/\/brandgioielli.it\/wp-content\/uploads\/2025\/07\/LogoBrand.png","width":600,"height":170,"caption":"Brand Gioielli"},"image":{"@id":"https:\/\/brandgioielli.it\/#\/schema\/logo\/image\/"}}]}},"_links":{"self":[{"href":"https:\/\/brandgioielli.it\/de\/wp-json\/wp\/v2\/product\/101991","targetHints":{"allow":["GET"]}}],"collection":[{"href":"https:\/\/brandgioielli.it\/de\/wp-json\/wp\/v2\/product"}],"about":[{"href":"https:\/\/brandgioielli.it\/de\/wp-json\/wp\/v2\/types\/product"}],"version-history":[{"count":2,"href":"https:\/\/brandgioielli.it\/de\/wp-json\/wp\/v2\/product\/101991\/revisions"}],"predecessor-version":[{"id":102114,"href":"https:\/\/brandgioielli.it\/de\/wp-json\/wp\/v2\/product\/101991\/revisions\/102114"}],"wp:featuredmedia":[{"embeddable":true,"href":"https:\/\/brandgioielli.it\/de\/wp-json\/wp\/v2\/media\/101994"}],"wp:attachment":[{"href":"https:\/\/brandgioielli.it\/de\/wp-json\/wp\/v2\/media?parent=101991"}],"wp:term":[{"taxonomy":"product_brand","embeddable":true,"href":"https:\/\/brandgioielli.it\/de\/wp-json\/wp\/v2\/product_brand?post=101991"},{"taxonomy":"product_cat","embeddable":true,"href":"https:\/\/brandgioielli.it\/de\/wp-json\/wp\/v2\/product_cat?post=101991"},{"taxonomy":"product_tag","embeddable":true,"href":"https:\/\/brandgioielli.it\/de\/wp-json\/wp\/v2\/product_tag?post=101991"}],"curies":[{"name":"wp","href":"https:\/\/api.w.org\/{rel}","templated":true}]}}