{"id":101669,"date":"2026-01-15T16:33:50","date_gmt":"2026-01-15T15:33:50","guid":{"rendered":"https:\/\/sandybrown-lark-277155.hostingersite.com\/?post_type=product&#038;p=101669"},"modified":"2026-04-20T07:17:18","modified_gmt":"2026-04-20T05:17:18","slug":"collana-cuore-medio-vuoto","status":"publish","type":"product","link":"https:\/\/brandgioielli.it\/de\/produkt\/collana-cuore-medio-vuoto\/","title":{"rendered":"Mittelgro\u00dfe Halskette mit leerem Herz"},"content":{"rendered":"<h2><strong>Halskette mit mittelgro\u00dfem, leerem Herz\u00a0<\/strong><\/h2>\n<p>Die mittelgro\u00dfe, hohle Herzkette von #Brand Gioielli besticht durch ihr zartes und leuchtendes Design. Eine feine Kette ist mit einem minimalistischen, hohlen Herz verziert. Die harmonischen Linien und die klare Form verleihen diesem Schmuckst\u00fcck eine edle und dezente Note \u2013 perfekt f\u00fcr jeden Tag.<\/p>\n<p><strong>TECHNISCHE DATEN<\/strong><\/p>\n<ul>\n<li>Mittelgro\u00dfe Halskette mit leerem Herz<\/li>\n<li>L\u00e4nge: 42 cm + 5 cm Verl\u00e4ngerung<\/li>\n<li>Herzgr\u00f6\u00dfe: 20 mm<\/li>\n<li>Ausf\u00fchrung: Stahl oder Gold PVD<\/li>\n<li>Material: Rostfreier Stahl<\/li>\n<\/ul>\n<p><em>Alle Schmuckst\u00fccke der Marke #Brand sind aus dem reinsten chirurgischen Edelstahl auf dem Markt hergestellt, auf Nickel getestet und so konzipiert, dass sie jeden Tag getragen werden k\u00f6nnen, ohne dass Verf\u00e4rbungen oder Verschlei\u00dferscheinungen zu bef\u00fcrchten sind.\u00a0<\/em><\/p>","protected":false},"excerpt":{"rendered":"<p>Collana con Cuore Medio Vuoto\u00a0 La collana cuore medio vuoto firmato #Brand Gioielli si distingue per il suo design delicato e luminoso, caratterizzato da una sottile catena impreziosita da un cuore vuoto dal profilo essenziale. Le linee armoniose e la forma pulita rendono questo gioiello raffinato e discreto, perfetto da indossare ogni giorno. SPECIFICHE TECNICHE [&hellip;]<\/p>\n","protected":false},"featured_media":101664,"template":"","meta":[],"product_brand":[],"product_cat":[458,23,476,19,506],"product_tag":[554],"class_list":{"0":"post-101669","1":"product","2":"type-product","3":"status-publish","4":"has-post-thumbnail","6":"product_cat-collane","7":"product_cat-collane-donna","8":"product_cat-coppia","9":"product_cat-donna","10":"product_cat-sotto-i-20e","11":"product_tag-collezione-pure-love","13":"first","14":"instock","15":"shipping-taxable","16":"purchasable","17":"product-type-variable"},"yoast_head":"<!-- This site is optimized with the Yoast SEO plugin v27.4 - https:\/\/yoast.com\/product\/yoast-seo-wordpress\/ -->\n<title>Collana Cuore Medio Vuoto - #BrandGioielli<\/title>\n<meta name=\"description\" content=\"Acquista ora su Brand Gioielli: Collana Cuore Medio Vuoto\" \/>\n<meta name=\"robots\" content=\"index, follow, max-snippet:-1, max-image-preview:large, max-video-preview:-1\" \/>\n<link rel=\"canonical\" href=\"https:\/\/brandgioielli.it\/de\/produkt\/collana-cuore-medio-vuoto\/\" \/>\n<meta property=\"og:locale\" content=\"de_DE\" \/>\n<meta property=\"og:type\" content=\"article\" \/>\n<meta property=\"og:title\" content=\"Collana Cuore Medio Vuoto - #BrandGioielli\" \/>\n<meta property=\"og:description\" content=\"Acquista ora su Brand Gioielli: Collana Cuore Medio Vuoto\" \/>\n<meta property=\"og:url\" content=\"https:\/\/brandgioielli.it\/de\/produkt\/collana-cuore-medio-vuoto\/\" \/>\n<meta property=\"og:site_name\" content=\"#BrandGioielli\" \/>\n<meta property=\"article:modified_time\" content=\"2026-04-20T05:17:18+00:00\" \/>\n<meta property=\"og:image\" content=\"https:\/\/brandgioielli.it\/wp-content\/uploads\/2025\/12\/collana-cuore-medio-vuoto-acciaio.jpg\" \/>\n\t<meta property=\"og:image:width\" content=\"800\" \/>\n\t<meta property=\"og:image:height\" content=\"800\" \/>\n\t<meta property=\"og:image:type\" content=\"image\/jpeg\" \/>\n<meta name=\"twitter:card\" content=\"summary_large_image\" \/>\n<meta name=\"twitter:label1\" content=\"Gesch\u00e4tzte Lesezeit\" \/>\n\t<meta name=\"twitter:data1\" content=\"1\u00a0Minute\" \/>\n<script type=\"application\/ld+json\" class=\"yoast-schema-graph\">{\"@context\":\"https:\\\/\\\/schema.org\",\"@graph\":[{\"@type\":\"WebPage\",\"@id\":\"https:\\\/\\\/brandgioielli.it\\\/prodotto\\\/collana-cuore-medio-vuoto\\\/\",\"url\":\"https:\\\/\\\/brandgioielli.it\\\/prodotto\\\/collana-cuore-medio-vuoto\\\/\",\"name\":\"Collana Cuore Medio Vuoto - #BrandGioielli\",\"isPartOf\":{\"@id\":\"https:\\\/\\\/brandgioielli.it\\\/#website\"},\"primaryImageOfPage\":{\"@id\":\"https:\\\/\\\/brandgioielli.it\\\/prodotto\\\/collana-cuore-medio-vuoto\\\/#primaryimage\"},\"image\":{\"@id\":\"https:\\\/\\\/brandgioielli.it\\\/prodotto\\\/collana-cuore-medio-vuoto\\\/#primaryimage\"},\"thumbnailUrl\":\"https:\\\/\\\/brandgioielli.it\\\/wp-content\\\/uploads\\\/2025\\\/12\\\/collana-cuore-medio-vuoto-acciaio.jpg\",\"datePublished\":\"2026-01-15T15:33:50+00:00\",\"dateModified\":\"2026-04-20T05:17:18+00:00\",\"description\":\"Acquista ora su Brand Gioielli: Collana Cuore Medio Vuoto\",\"breadcrumb\":{\"@id\":\"https:\\\/\\\/brandgioielli.it\\\/prodotto\\\/collana-cuore-medio-vuoto\\\/#breadcrumb\"},\"inLanguage\":\"de\",\"potentialAction\":[{\"@type\":\"ReadAction\",\"target\":[\"https:\\\/\\\/brandgioielli.it\\\/prodotto\\\/collana-cuore-medio-vuoto\\\/\"]}]},{\"@type\":\"ImageObject\",\"inLanguage\":\"de\",\"@id\":\"https:\\\/\\\/brandgioielli.it\\\/prodotto\\\/collana-cuore-medio-vuoto\\\/#primaryimage\",\"url\":\"https:\\\/\\\/brandgioielli.it\\\/wp-content\\\/uploads\\\/2025\\\/12\\\/collana-cuore-medio-vuoto-acciaio.jpg\",\"contentUrl\":\"https:\\\/\\\/brandgioielli.it\\\/wp-content\\\/uploads\\\/2025\\\/12\\\/collana-cuore-medio-vuoto-acciaio.jpg\",\"width\":800,\"height\":800},{\"@type\":\"BreadcrumbList\",\"@id\":\"https:\\\/\\\/brandgioielli.it\\\/prodotto\\\/collana-cuore-medio-vuoto\\\/#breadcrumb\",\"itemListElement\":[{\"@type\":\"ListItem\",\"position\":1,\"name\":\"Home\",\"item\":\"https:\\\/\\\/brandgioielli.it\\\/\"},{\"@type\":\"ListItem\",\"position\":2,\"name\":\"Shop\",\"item\":\"https:\\\/\\\/brandgioielli.it\\\/shop\\\/\"},{\"@type\":\"ListItem\",\"position\":3,\"name\":\"Collana Cuore Medio Vuoto\"}]},{\"@type\":\"WebSite\",\"@id\":\"https:\\\/\\\/brandgioielli.it\\\/#website\",\"url\":\"https:\\\/\\\/brandgioielli.it\\\/\",\"name\":\"#BrandGioielli\",\"description\":\"\",\"publisher\":{\"@id\":\"https:\\\/\\\/brandgioielli.it\\\/#organization\"},\"potentialAction\":[{\"@type\":\"SearchAction\",\"target\":{\"@type\":\"EntryPoint\",\"urlTemplate\":\"https:\\\/\\\/brandgioielli.it\\\/?s={search_term_string}\"},\"query-input\":{\"@type\":\"PropertyValueSpecification\",\"valueRequired\":true,\"valueName\":\"search_term_string\"}}],\"inLanguage\":\"de\"},{\"@type\":\"Organization\",\"@id\":\"https:\\\/\\\/brandgioielli.it\\\/#organization\",\"name\":\"Brand Gioielli\",\"url\":\"https:\\\/\\\/brandgioielli.it\\\/\",\"logo\":{\"@type\":\"ImageObject\",\"inLanguage\":\"de\",\"@id\":\"https:\\\/\\\/brandgioielli.it\\\/#\\\/schema\\\/logo\\\/image\\\/\",\"url\":\"https:\\\/\\\/brandgioielli.it\\\/wp-content\\\/uploads\\\/2025\\\/07\\\/LogoBrand.png\",\"contentUrl\":\"https:\\\/\\\/brandgioielli.it\\\/wp-content\\\/uploads\\\/2025\\\/07\\\/LogoBrand.png\",\"width\":600,\"height\":170,\"caption\":\"Brand Gioielli\"},\"image\":{\"@id\":\"https:\\\/\\\/brandgioielli.it\\\/#\\\/schema\\\/logo\\\/image\\\/\"}}]}<\/script>\n<!-- \/ Yoast SEO plugin. -->","yoast_head_json":{"title":"Collana Cuore Medio Vuoto - #BrandGioielli","description":"Acquista ora su Brand Gioielli: Collana Cuore Medio Vuoto","robots":{"index":"index","follow":"follow","max-snippet":"max-snippet:-1","max-image-preview":"max-image-preview:large","max-video-preview":"max-video-preview:-1"},"canonical":"https:\/\/brandgioielli.it\/de\/produkt\/collana-cuore-medio-vuoto\/","og_locale":"de_DE","og_type":"article","og_title":"Collana Cuore Medio Vuoto - #BrandGioielli","og_description":"Acquista ora su Brand Gioielli: Collana Cuore Medio Vuoto","og_url":"https:\/\/brandgioielli.it\/de\/produkt\/collana-cuore-medio-vuoto\/","og_site_name":"#BrandGioielli","article_modified_time":"2026-04-20T05:17:18+00:00","og_image":[{"width":800,"height":800,"url":"https:\/\/brandgioielli.it\/wp-content\/uploads\/2025\/12\/collana-cuore-medio-vuoto-acciaio.jpg","type":"image\/jpeg"}],"twitter_card":"summary_large_image","twitter_misc":{"Gesch\u00e4tzte Lesezeit":"1\u00a0Minute"},"schema":{"@context":"https:\/\/schema.org","@graph":[{"@type":"WebPage","@id":"https:\/\/brandgioielli.it\/prodotto\/collana-cuore-medio-vuoto\/","url":"https:\/\/brandgioielli.it\/prodotto\/collana-cuore-medio-vuoto\/","name":"Collana Cuore Medio Vuoto - #BrandGioielli","isPartOf":{"@id":"https:\/\/brandgioielli.it\/#website"},"primaryImageOfPage":{"@id":"https:\/\/brandgioielli.it\/prodotto\/collana-cuore-medio-vuoto\/#primaryimage"},"image":{"@id":"https:\/\/brandgioielli.it\/prodotto\/collana-cuore-medio-vuoto\/#primaryimage"},"thumbnailUrl":"https:\/\/brandgioielli.it\/wp-content\/uploads\/2025\/12\/collana-cuore-medio-vuoto-acciaio.jpg","datePublished":"2026-01-15T15:33:50+00:00","dateModified":"2026-04-20T05:17:18+00:00","description":"Acquista ora su Brand Gioielli: Collana Cuore Medio Vuoto","breadcrumb":{"@id":"https:\/\/brandgioielli.it\/prodotto\/collana-cuore-medio-vuoto\/#breadcrumb"},"inLanguage":"de","potentialAction":[{"@type":"ReadAction","target":["https:\/\/brandgioielli.it\/prodotto\/collana-cuore-medio-vuoto\/"]}]},{"@type":"ImageObject","inLanguage":"de","@id":"https:\/\/brandgioielli.it\/prodotto\/collana-cuore-medio-vuoto\/#primaryimage","url":"https:\/\/brandgioielli.it\/wp-content\/uploads\/2025\/12\/collana-cuore-medio-vuoto-acciaio.jpg","contentUrl":"https:\/\/brandgioielli.it\/wp-content\/uploads\/2025\/12\/collana-cuore-medio-vuoto-acciaio.jpg","width":800,"height":800},{"@type":"BreadcrumbList","@id":"https:\/\/brandgioielli.it\/prodotto\/collana-cuore-medio-vuoto\/#breadcrumb","itemListElement":[{"@type":"ListItem","position":1,"name":"Home","item":"https:\/\/brandgioielli.it\/"},{"@type":"ListItem","position":2,"name":"Shop","item":"https:\/\/brandgioielli.it\/shop\/"},{"@type":"ListItem","position":3,"name":"Collana Cuore Medio Vuoto"}]},{"@type":"WebSite","@id":"https:\/\/brandgioielli.it\/#website","url":"https:\/\/brandgioielli.it\/","name":"#BrandGioielli","description":"","publisher":{"@id":"https:\/\/brandgioielli.it\/#organization"},"potentialAction":[{"@type":"SearchAction","target":{"@type":"EntryPoint","urlTemplate":"https:\/\/brandgioielli.it\/?s={search_term_string}"},"query-input":{"@type":"PropertyValueSpecification","valueRequired":true,"valueName":"search_term_string"}}],"inLanguage":"de"},{"@type":"Organization","@id":"https:\/\/brandgioielli.it\/#organization","name":"Markenschmuck","url":"https:\/\/brandgioielli.it\/","logo":{"@type":"ImageObject","inLanguage":"de","@id":"https:\/\/brandgioielli.it\/#\/schema\/logo\/image\/","url":"https:\/\/brandgioielli.it\/wp-content\/uploads\/2025\/07\/LogoBrand.png","contentUrl":"https:\/\/brandgioielli.it\/wp-content\/uploads\/2025\/07\/LogoBrand.png","width":600,"height":170,"caption":"Brand Gioielli"},"image":{"@id":"https:\/\/brandgioielli.it\/#\/schema\/logo\/image\/"}}]}},"_links":{"self":[{"href":"https:\/\/brandgioielli.it\/de\/wp-json\/wp\/v2\/product\/101669","targetHints":{"allow":["GET"]}}],"collection":[{"href":"https:\/\/brandgioielli.it\/de\/wp-json\/wp\/v2\/product"}],"about":[{"href":"https:\/\/brandgioielli.it\/de\/wp-json\/wp\/v2\/types\/product"}],"version-history":[{"count":1,"href":"https:\/\/brandgioielli.it\/de\/wp-json\/wp\/v2\/product\/101669\/revisions"}],"predecessor-version":[{"id":101672,"href":"https:\/\/brandgioielli.it\/de\/wp-json\/wp\/v2\/product\/101669\/revisions\/101672"}],"wp:featuredmedia":[{"embeddable":true,"href":"https:\/\/brandgioielli.it\/de\/wp-json\/wp\/v2\/media\/101664"}],"wp:attachment":[{"href":"https:\/\/brandgioielli.it\/de\/wp-json\/wp\/v2\/media?parent=101669"}],"wp:term":[{"taxonomy":"product_brand","embeddable":true,"href":"https:\/\/brandgioielli.it\/de\/wp-json\/wp\/v2\/product_brand?post=101669"},{"taxonomy":"product_cat","embeddable":true,"href":"https:\/\/brandgioielli.it\/de\/wp-json\/wp\/v2\/product_cat?post=101669"},{"taxonomy":"product_tag","embeddable":true,"href":"https:\/\/brandgioielli.it\/de\/wp-json\/wp\/v2\/product_tag?post=101669"}],"curies":[{"name":"wp","href":"https:\/\/api.w.org\/{rel}","templated":true}]}}