{"id":101261,"date":"2026-01-15T16:35:17","date_gmt":"2026-01-15T15:35:17","guid":{"rendered":"https:\/\/sandybrown-lark-277155.hostingersite.com\/?post_type=product&#038;p=101261"},"modified":"2026-04-22T07:20:51","modified_gmt":"2026-04-22T05:20:51","slug":"collana-ematite-avventurina-blu-turchese-bianco","status":"publish","type":"product","link":"https:\/\/brandgioielli.it\/de\/produkt\/collana-ematite-avventurina-blu-turchese-bianco\/","title":{"rendered":"H\u00e4matit-Aventurin-Halskette in Blau, T\u00fcrkis und Wei\u00df"},"content":{"rendered":"<h2>Herrenhalskette mit H\u00e4matit, blauem Aventurin und wei\u00dfem T\u00fcrkis<\/h2>\n<p>Die Herrenkette mit H\u00e4matit und Natursteinen von #Brand Gioielli besticht durch ihr schlichtes, modernes Design. H\u00e4matit und Natursteine wechseln sich ab und erzeugen so ein harmonisches Gleichgewicht von Farben und Texturen. Jede Komposition strahlt Charakter und Authentizit\u00e4t aus, die durch die einzigartigen Farbt\u00f6ne der Steine noch verst\u00e4rkt werden. Gefertigt aus robusten Materialien und mit hypoallergenen Edelstahldetails versehen, garantieren die Ketten hohen Tragekomfort und Langlebigkeit. Sie vereinen St\u00e4rke, Nat\u00fcrlichkeit und zeitlosen Stil und verleihen jedem Look Pers\u00f6nlichkeit und Eleganz.<\/p>\n<p><strong>TECHNISCHE DATEN<\/strong><\/p>\n<ul>\n<li>Halskette aus H\u00e4matit, blauem Aventurin und wei\u00dfem T\u00fcrkis<\/li>\n<li>Kettenl\u00e4nge: 45 cm + 5 cm Verl\u00e4ngerung<\/li>\n<li>Ausf\u00fchrung: Stahl<\/li>\n<li>Material: Edelstahl, H\u00e4matit und Natursteine<\/li>\n<\/ul>\n<p><em>Alle Schmuckst\u00fccke von #Brand werden aus dem reinsten chirurgischen Edelstahl hergestellt, der auf Nickel getestet wurde, und sind so konzipiert, dass sie jeden Tag getragen werden k\u00f6nnen, ohne dass Verf\u00e4rbungen oder Abnutzungserscheinungen zu bef\u00fcrchten sind, und sie sind wasserfest.\u00a0<\/em><\/p>","protected":false},"excerpt":{"rendered":"<p>Collana da Uomo con Ematite, Avventurina Blu e Turchese Bianco La collana da uomo con ematite e pietre naturali firmato #Brand Gioielli si distingue per il suo design essenziale e contemporaneo, in cui l\u2019ematite si alterna a pietre naturali, creando un equilibrio armonioso di colori e materie. Ogni composizione esprime carattere e autenticit\u00e0, valorizzata dalle [&hellip;]<\/p>\n","protected":false},"featured_media":101206,"template":"","meta":[],"product_brand":[],"product_cat":[458,41,39],"product_tag":[551],"class_list":{"0":"post-101261","1":"product","2":"type-product","3":"status-publish","4":"has-post-thumbnail","6":"product_cat-collane","7":"product_cat-collane-uomo","8":"product_cat-uomo","9":"product_tag-collezione-wild","11":"first","12":"instock","13":"shipping-taxable","14":"purchasable","15":"product-type-simple"},"yoast_head":"<!-- This site is optimized with the Yoast SEO plugin v27.4 - https:\/\/yoast.com\/product\/yoast-seo-wordpress\/ -->\n<title>Collana Ematite Avventurina Blu Turchese Bianco - #BrandGioielli<\/title>\n<meta name=\"description\" content=\"Acquista ora su Brand Gioielli: Collana Ematite Avventurina Blu Turchese Bianco\" \/>\n<meta name=\"robots\" content=\"index, follow, max-snippet:-1, max-image-preview:large, max-video-preview:-1\" \/>\n<link rel=\"canonical\" href=\"https:\/\/brandgioielli.it\/de\/produkt\/collana-ematite-avventurina-blu-turchese-bianco\/\" \/>\n<meta property=\"og:locale\" content=\"de_DE\" \/>\n<meta property=\"og:type\" content=\"article\" \/>\n<meta property=\"og:title\" content=\"Collana Ematite Avventurina Blu Turchese Bianco - #BrandGioielli\" \/>\n<meta property=\"og:description\" content=\"Acquista ora su Brand Gioielli: Collana Ematite Avventurina Blu Turchese Bianco\" \/>\n<meta property=\"og:url\" content=\"https:\/\/brandgioielli.it\/de\/produkt\/collana-ematite-avventurina-blu-turchese-bianco\/\" \/>\n<meta property=\"og:site_name\" content=\"#BrandGioielli\" \/>\n<meta property=\"article:modified_time\" content=\"2026-04-22T05:20:51+00:00\" \/>\n<meta property=\"og:image\" content=\"https:\/\/brandgioielli.it\/wp-content\/uploads\/2025\/12\/Collana-aventurina-blu-turchese-bianco-ematite.jpg\" \/>\n\t<meta property=\"og:image:width\" content=\"800\" \/>\n\t<meta property=\"og:image:height\" content=\"800\" \/>\n\t<meta property=\"og:image:type\" content=\"image\/jpeg\" \/>\n<meta name=\"twitter:card\" content=\"summary_large_image\" \/>\n<meta name=\"twitter:label1\" content=\"Gesch\u00e4tzte Lesezeit\" \/>\n\t<meta name=\"twitter:data1\" content=\"2\u00a0Minuten\" \/>\n<script type=\"application\/ld+json\" class=\"yoast-schema-graph\">{\"@context\":\"https:\\\/\\\/schema.org\",\"@graph\":[{\"@type\":\"WebPage\",\"@id\":\"https:\\\/\\\/brandgioielli.it\\\/prodotto\\\/collana-ematite-avventurina-blu-turchese-bianco\\\/\",\"url\":\"https:\\\/\\\/brandgioielli.it\\\/prodotto\\\/collana-ematite-avventurina-blu-turchese-bianco\\\/\",\"name\":\"Collana Ematite Avventurina Blu Turchese Bianco - #BrandGioielli\",\"isPartOf\":{\"@id\":\"https:\\\/\\\/brandgioielli.it\\\/#website\"},\"primaryImageOfPage\":{\"@id\":\"https:\\\/\\\/brandgioielli.it\\\/prodotto\\\/collana-ematite-avventurina-blu-turchese-bianco\\\/#primaryimage\"},\"image\":{\"@id\":\"https:\\\/\\\/brandgioielli.it\\\/prodotto\\\/collana-ematite-avventurina-blu-turchese-bianco\\\/#primaryimage\"},\"thumbnailUrl\":\"https:\\\/\\\/brandgioielli.it\\\/wp-content\\\/uploads\\\/2025\\\/12\\\/Collana-aventurina-blu-turchese-bianco-ematite.jpg\",\"datePublished\":\"2026-01-15T15:35:17+00:00\",\"dateModified\":\"2026-04-22T05:20:51+00:00\",\"description\":\"Acquista ora su Brand Gioielli: Collana Ematite Avventurina Blu Turchese Bianco\",\"breadcrumb\":{\"@id\":\"https:\\\/\\\/brandgioielli.it\\\/prodotto\\\/collana-ematite-avventurina-blu-turchese-bianco\\\/#breadcrumb\"},\"inLanguage\":\"de\",\"potentialAction\":[{\"@type\":\"ReadAction\",\"target\":[\"https:\\\/\\\/brandgioielli.it\\\/prodotto\\\/collana-ematite-avventurina-blu-turchese-bianco\\\/\"]}]},{\"@type\":\"ImageObject\",\"inLanguage\":\"de\",\"@id\":\"https:\\\/\\\/brandgioielli.it\\\/prodotto\\\/collana-ematite-avventurina-blu-turchese-bianco\\\/#primaryimage\",\"url\":\"https:\\\/\\\/brandgioielli.it\\\/wp-content\\\/uploads\\\/2025\\\/12\\\/Collana-aventurina-blu-turchese-bianco-ematite.jpg\",\"contentUrl\":\"https:\\\/\\\/brandgioielli.it\\\/wp-content\\\/uploads\\\/2025\\\/12\\\/Collana-aventurina-blu-turchese-bianco-ematite.jpg\",\"width\":800,\"height\":800},{\"@type\":\"BreadcrumbList\",\"@id\":\"https:\\\/\\\/brandgioielli.it\\\/prodotto\\\/collana-ematite-avventurina-blu-turchese-bianco\\\/#breadcrumb\",\"itemListElement\":[{\"@type\":\"ListItem\",\"position\":1,\"name\":\"Home\",\"item\":\"https:\\\/\\\/brandgioielli.it\\\/\"},{\"@type\":\"ListItem\",\"position\":2,\"name\":\"Shop\",\"item\":\"https:\\\/\\\/brandgioielli.it\\\/shop\\\/\"},{\"@type\":\"ListItem\",\"position\":3,\"name\":\"Collana Ematite Avventurina Blu Turchese Bianco\"}]},{\"@type\":\"WebSite\",\"@id\":\"https:\\\/\\\/brandgioielli.it\\\/#website\",\"url\":\"https:\\\/\\\/brandgioielli.it\\\/\",\"name\":\"#BrandGioielli\",\"description\":\"\",\"publisher\":{\"@id\":\"https:\\\/\\\/brandgioielli.it\\\/#organization\"},\"potentialAction\":[{\"@type\":\"SearchAction\",\"target\":{\"@type\":\"EntryPoint\",\"urlTemplate\":\"https:\\\/\\\/brandgioielli.it\\\/?s={search_term_string}\"},\"query-input\":{\"@type\":\"PropertyValueSpecification\",\"valueRequired\":true,\"valueName\":\"search_term_string\"}}],\"inLanguage\":\"de\"},{\"@type\":\"Organization\",\"@id\":\"https:\\\/\\\/brandgioielli.it\\\/#organization\",\"name\":\"Brand Gioielli\",\"url\":\"https:\\\/\\\/brandgioielli.it\\\/\",\"logo\":{\"@type\":\"ImageObject\",\"inLanguage\":\"de\",\"@id\":\"https:\\\/\\\/brandgioielli.it\\\/#\\\/schema\\\/logo\\\/image\\\/\",\"url\":\"https:\\\/\\\/brandgioielli.it\\\/wp-content\\\/uploads\\\/2025\\\/07\\\/LogoBrand.png\",\"contentUrl\":\"https:\\\/\\\/brandgioielli.it\\\/wp-content\\\/uploads\\\/2025\\\/07\\\/LogoBrand.png\",\"width\":600,\"height\":170,\"caption\":\"Brand Gioielli\"},\"image\":{\"@id\":\"https:\\\/\\\/brandgioielli.it\\\/#\\\/schema\\\/logo\\\/image\\\/\"}}]}<\/script>\n<!-- \/ Yoast SEO plugin. -->","yoast_head_json":{"title":"Collana Ematite Avventurina Blu Turchese Bianco - #BrandGioielli","description":"Acquista ora su Brand Gioielli: Collana Ematite Avventurina Blu Turchese Bianco","robots":{"index":"index","follow":"follow","max-snippet":"max-snippet:-1","max-image-preview":"max-image-preview:large","max-video-preview":"max-video-preview:-1"},"canonical":"https:\/\/brandgioielli.it\/de\/produkt\/collana-ematite-avventurina-blu-turchese-bianco\/","og_locale":"de_DE","og_type":"article","og_title":"Collana Ematite Avventurina Blu Turchese Bianco - #BrandGioielli","og_description":"Acquista ora su Brand Gioielli: Collana Ematite Avventurina Blu Turchese Bianco","og_url":"https:\/\/brandgioielli.it\/de\/produkt\/collana-ematite-avventurina-blu-turchese-bianco\/","og_site_name":"#BrandGioielli","article_modified_time":"2026-04-22T05:20:51+00:00","og_image":[{"width":800,"height":800,"url":"https:\/\/brandgioielli.it\/wp-content\/uploads\/2025\/12\/Collana-aventurina-blu-turchese-bianco-ematite.jpg","type":"image\/jpeg"}],"twitter_card":"summary_large_image","twitter_misc":{"Gesch\u00e4tzte Lesezeit":"2\u00a0Minuten"},"schema":{"@context":"https:\/\/schema.org","@graph":[{"@type":"WebPage","@id":"https:\/\/brandgioielli.it\/prodotto\/collana-ematite-avventurina-blu-turchese-bianco\/","url":"https:\/\/brandgioielli.it\/prodotto\/collana-ematite-avventurina-blu-turchese-bianco\/","name":"Collana Ematite Avventurina Blu Turchese Bianco - #BrandGioielli","isPartOf":{"@id":"https:\/\/brandgioielli.it\/#website"},"primaryImageOfPage":{"@id":"https:\/\/brandgioielli.it\/prodotto\/collana-ematite-avventurina-blu-turchese-bianco\/#primaryimage"},"image":{"@id":"https:\/\/brandgioielli.it\/prodotto\/collana-ematite-avventurina-blu-turchese-bianco\/#primaryimage"},"thumbnailUrl":"https:\/\/brandgioielli.it\/wp-content\/uploads\/2025\/12\/Collana-aventurina-blu-turchese-bianco-ematite.jpg","datePublished":"2026-01-15T15:35:17+00:00","dateModified":"2026-04-22T05:20:51+00:00","description":"Acquista ora su Brand Gioielli: Collana Ematite Avventurina Blu Turchese Bianco","breadcrumb":{"@id":"https:\/\/brandgioielli.it\/prodotto\/collana-ematite-avventurina-blu-turchese-bianco\/#breadcrumb"},"inLanguage":"de","potentialAction":[{"@type":"ReadAction","target":["https:\/\/brandgioielli.it\/prodotto\/collana-ematite-avventurina-blu-turchese-bianco\/"]}]},{"@type":"ImageObject","inLanguage":"de","@id":"https:\/\/brandgioielli.it\/prodotto\/collana-ematite-avventurina-blu-turchese-bianco\/#primaryimage","url":"https:\/\/brandgioielli.it\/wp-content\/uploads\/2025\/12\/Collana-aventurina-blu-turchese-bianco-ematite.jpg","contentUrl":"https:\/\/brandgioielli.it\/wp-content\/uploads\/2025\/12\/Collana-aventurina-blu-turchese-bianco-ematite.jpg","width":800,"height":800},{"@type":"BreadcrumbList","@id":"https:\/\/brandgioielli.it\/prodotto\/collana-ematite-avventurina-blu-turchese-bianco\/#breadcrumb","itemListElement":[{"@type":"ListItem","position":1,"name":"Home","item":"https:\/\/brandgioielli.it\/"},{"@type":"ListItem","position":2,"name":"Shop","item":"https:\/\/brandgioielli.it\/shop\/"},{"@type":"ListItem","position":3,"name":"Collana Ematite Avventurina Blu Turchese Bianco"}]},{"@type":"WebSite","@id":"https:\/\/brandgioielli.it\/#website","url":"https:\/\/brandgioielli.it\/","name":"#BrandGioielli","description":"","publisher":{"@id":"https:\/\/brandgioielli.it\/#organization"},"potentialAction":[{"@type":"SearchAction","target":{"@type":"EntryPoint","urlTemplate":"https:\/\/brandgioielli.it\/?s={search_term_string}"},"query-input":{"@type":"PropertyValueSpecification","valueRequired":true,"valueName":"search_term_string"}}],"inLanguage":"de"},{"@type":"Organization","@id":"https:\/\/brandgioielli.it\/#organization","name":"Markenschmuck","url":"https:\/\/brandgioielli.it\/","logo":{"@type":"ImageObject","inLanguage":"de","@id":"https:\/\/brandgioielli.it\/#\/schema\/logo\/image\/","url":"https:\/\/brandgioielli.it\/wp-content\/uploads\/2025\/07\/LogoBrand.png","contentUrl":"https:\/\/brandgioielli.it\/wp-content\/uploads\/2025\/07\/LogoBrand.png","width":600,"height":170,"caption":"Brand Gioielli"},"image":{"@id":"https:\/\/brandgioielli.it\/#\/schema\/logo\/image\/"}}]}},"_links":{"self":[{"href":"https:\/\/brandgioielli.it\/de\/wp-json\/wp\/v2\/product\/101261","targetHints":{"allow":["GET"]}}],"collection":[{"href":"https:\/\/brandgioielli.it\/de\/wp-json\/wp\/v2\/product"}],"about":[{"href":"https:\/\/brandgioielli.it\/de\/wp-json\/wp\/v2\/types\/product"}],"version-history":[{"count":3,"href":"https:\/\/brandgioielli.it\/de\/wp-json\/wp\/v2\/product\/101261\/revisions"}],"predecessor-version":[{"id":101268,"href":"https:\/\/brandgioielli.it\/de\/wp-json\/wp\/v2\/product\/101261\/revisions\/101268"}],"wp:featuredmedia":[{"embeddable":true,"href":"https:\/\/brandgioielli.it\/de\/wp-json\/wp\/v2\/media\/101206"}],"wp:attachment":[{"href":"https:\/\/brandgioielli.it\/de\/wp-json\/wp\/v2\/media?parent=101261"}],"wp:term":[{"taxonomy":"product_brand","embeddable":true,"href":"https:\/\/brandgioielli.it\/de\/wp-json\/wp\/v2\/product_brand?post=101261"},{"taxonomy":"product_cat","embeddable":true,"href":"https:\/\/brandgioielli.it\/de\/wp-json\/wp\/v2\/product_cat?post=101261"},{"taxonomy":"product_tag","embeddable":true,"href":"https:\/\/brandgioielli.it\/de\/wp-json\/wp\/v2\/product_tag?post=101261"}],"curies":[{"name":"wp","href":"https:\/\/api.w.org\/{rel}","templated":true}]}}