{"id":101248,"date":"2026-01-15T16:35:32","date_gmt":"2026-01-15T15:35:32","guid":{"rendered":"https:\/\/sandybrown-lark-277155.hostingersite.com\/?post_type=product&#038;p=101248"},"modified":"2026-04-20T18:18:46","modified_gmt":"2026-04-20T16:18:46","slug":"bracciale-ematite-rodiata-malachite-verde","status":"publish","type":"product","link":"https:\/\/brandgioielli.it\/de\/produkt\/bracciale-ematite-rodiata-malachite-verde\/","title":{"rendered":"Rhodiniertes Armband aus H\u00e4matit und gr\u00fcnem Malachit"},"content":{"rendered":"<h2>Herrenarmband mit rhodiniertem H\u00e4matit und gr\u00fcnem Malachit<\/h2>\n<p>Das Herrenarmband mit H\u00e4matit und Natursteinen von #Brand Gioielli besticht durch sein schlichtes, modernes Design. H\u00e4matit und Natursteine wechseln sich ab und schaffen so ein harmonisches Gleichgewicht von Farben und Materialien. Jedes Armband strahlt Charakter und Authentizit\u00e4t aus, die durch die einzigartigen Farbt\u00f6ne der Steine noch verst\u00e4rkt werden. Gefertigt aus robusten Materialien und mit hypoallergenen Edelstahldetails versehen, garantieren die Armb\u00e4nder hohen Tragekomfort und Langlebigkeit. Sie vereinen St\u00e4rke, Nat\u00fcrlichkeit und zeitlosen Stil und verleihen jedem Look Pers\u00f6nlichkeit und Eleganz.<\/p>\n<p><strong>TECHNISCHE DATEN<\/strong><\/p>\n<ul>\n<li>Rhodiniertes Armband aus H\u00e4matit und gr\u00fcnem Malachit<\/li>\n<li>L\u00e4nge des Armbands: 19 cm + 3 cm Verl\u00e4ngerung<\/li>\n<li>Ausf\u00fchrung: Stahl<\/li>\n<li>Material: Edelstahl, H\u00e4matit und Natursteine<\/li>\n<\/ul>\n<p><em>Alle Schmuckst\u00fccke von #Brand werden aus dem reinsten chirurgischen Edelstahl hergestellt, der auf Nickel getestet wurde, und sind so konzipiert, dass sie jeden Tag getragen werden k\u00f6nnen, ohne dass Verf\u00e4rbungen oder Abnutzungserscheinungen zu bef\u00fcrchten sind, und sie sind wasserfest.\u00a0<\/em><\/p>","protected":false},"excerpt":{"rendered":"<p>Bracciale da Uomo con Ematite Rodiata e Malachite Verde Il bracciale da uomo con ematite e pietre naturali firmato #Brand Gioielli si distingue per il suo design essenziale e contemporaneo, in cui l\u2019ematite si alterna a pietre naturali, creando un equilibrio armonioso di colori e materie. Ogni composizione esprime carattere e autenticit\u00e0, valorizzata dalle tonalit\u00e0 [&hellip;]<\/p>\n","protected":false},"featured_media":101188,"template":"","meta":[],"product_brand":[],"product_cat":[459,38,499,506,39],"product_tag":[551],"class_list":{"0":"post-101248","1":"product","2":"type-product","3":"status-publish","4":"has-post-thumbnail","6":"product_cat-bracciali","7":"product_cat-bracciali-uomo","8":"product_cat-papa","9":"product_cat-sotto-i-20e","10":"product_cat-uomo","11":"product_tag-collezione-wild","13":"first","14":"instock","15":"shipping-taxable","16":"purchasable","17":"product-type-simple"},"yoast_head":"<!-- This site is optimized with the Yoast SEO plugin v27.4 - https:\/\/yoast.com\/product\/yoast-seo-wordpress\/ -->\n<title>Bracciale Ematite Rodiata Malachite Verde - #BrandGioielli<\/title>\n<meta name=\"description\" content=\"Acquista ora su Brand Gioielli: Bracciale Ematite Rodiata Malachite Verde\" \/>\n<meta name=\"robots\" content=\"index, follow, max-snippet:-1, max-image-preview:large, max-video-preview:-1\" \/>\n<link rel=\"canonical\" href=\"https:\/\/brandgioielli.it\/de\/produkt\/bracciale-ematite-rodiata-malachite-verde\/\" \/>\n<meta property=\"og:locale\" content=\"de_DE\" \/>\n<meta property=\"og:type\" content=\"article\" \/>\n<meta property=\"og:title\" content=\"Bracciale Ematite Rodiata Malachite Verde - #BrandGioielli\" \/>\n<meta property=\"og:description\" content=\"Acquista ora su Brand Gioielli: Bracciale Ematite Rodiata Malachite Verde\" \/>\n<meta property=\"og:url\" content=\"https:\/\/brandgioielli.it\/de\/produkt\/bracciale-ematite-rodiata-malachite-verde\/\" \/>\n<meta property=\"og:site_name\" content=\"#BrandGioielli\" \/>\n<meta property=\"article:modified_time\" content=\"2026-04-20T16:18:46+00:00\" \/>\n<meta property=\"og:image\" content=\"https:\/\/brandgioielli.it\/wp-content\/uploads\/2025\/12\/Bracciale-cubi-ematite-rodiata-malachite-verde.jpg\" \/>\n\t<meta property=\"og:image:width\" content=\"800\" \/>\n\t<meta property=\"og:image:height\" content=\"800\" \/>\n\t<meta property=\"og:image:type\" content=\"image\/jpeg\" \/>\n<meta name=\"twitter:card\" content=\"summary_large_image\" \/>\n<meta name=\"twitter:label1\" content=\"Gesch\u00e4tzte Lesezeit\" \/>\n\t<meta name=\"twitter:data1\" content=\"2\u00a0Minuten\" \/>\n<script type=\"application\/ld+json\" class=\"yoast-schema-graph\">{\"@context\":\"https:\\\/\\\/schema.org\",\"@graph\":[{\"@type\":\"WebPage\",\"@id\":\"https:\\\/\\\/brandgioielli.it\\\/prodotto\\\/bracciale-ematite-rodiata-malachite-verde\\\/\",\"url\":\"https:\\\/\\\/brandgioielli.it\\\/prodotto\\\/bracciale-ematite-rodiata-malachite-verde\\\/\",\"name\":\"Bracciale Ematite Rodiata Malachite Verde - #BrandGioielli\",\"isPartOf\":{\"@id\":\"https:\\\/\\\/brandgioielli.it\\\/#website\"},\"primaryImageOfPage\":{\"@id\":\"https:\\\/\\\/brandgioielli.it\\\/prodotto\\\/bracciale-ematite-rodiata-malachite-verde\\\/#primaryimage\"},\"image\":{\"@id\":\"https:\\\/\\\/brandgioielli.it\\\/prodotto\\\/bracciale-ematite-rodiata-malachite-verde\\\/#primaryimage\"},\"thumbnailUrl\":\"https:\\\/\\\/brandgioielli.it\\\/wp-content\\\/uploads\\\/2025\\\/12\\\/Bracciale-cubi-ematite-rodiata-malachite-verde.jpg\",\"datePublished\":\"2026-01-15T15:35:32+00:00\",\"dateModified\":\"2026-04-20T16:18:46+00:00\",\"description\":\"Acquista ora su Brand Gioielli: Bracciale Ematite Rodiata Malachite Verde\",\"breadcrumb\":{\"@id\":\"https:\\\/\\\/brandgioielli.it\\\/prodotto\\\/bracciale-ematite-rodiata-malachite-verde\\\/#breadcrumb\"},\"inLanguage\":\"de\",\"potentialAction\":[{\"@type\":\"ReadAction\",\"target\":[\"https:\\\/\\\/brandgioielli.it\\\/prodotto\\\/bracciale-ematite-rodiata-malachite-verde\\\/\"]}]},{\"@type\":\"ImageObject\",\"inLanguage\":\"de\",\"@id\":\"https:\\\/\\\/brandgioielli.it\\\/prodotto\\\/bracciale-ematite-rodiata-malachite-verde\\\/#primaryimage\",\"url\":\"https:\\\/\\\/brandgioielli.it\\\/wp-content\\\/uploads\\\/2025\\\/12\\\/Bracciale-cubi-ematite-rodiata-malachite-verde.jpg\",\"contentUrl\":\"https:\\\/\\\/brandgioielli.it\\\/wp-content\\\/uploads\\\/2025\\\/12\\\/Bracciale-cubi-ematite-rodiata-malachite-verde.jpg\",\"width\":800,\"height\":800},{\"@type\":\"BreadcrumbList\",\"@id\":\"https:\\\/\\\/brandgioielli.it\\\/prodotto\\\/bracciale-ematite-rodiata-malachite-verde\\\/#breadcrumb\",\"itemListElement\":[{\"@type\":\"ListItem\",\"position\":1,\"name\":\"Home\",\"item\":\"https:\\\/\\\/brandgioielli.it\\\/\"},{\"@type\":\"ListItem\",\"position\":2,\"name\":\"Shop\",\"item\":\"https:\\\/\\\/brandgioielli.it\\\/shop\\\/\"},{\"@type\":\"ListItem\",\"position\":3,\"name\":\"Bracciale Ematite Rodiata Malachite Verde\"}]},{\"@type\":\"WebSite\",\"@id\":\"https:\\\/\\\/brandgioielli.it\\\/#website\",\"url\":\"https:\\\/\\\/brandgioielli.it\\\/\",\"name\":\"#BrandGioielli\",\"description\":\"\",\"publisher\":{\"@id\":\"https:\\\/\\\/brandgioielli.it\\\/#organization\"},\"potentialAction\":[{\"@type\":\"SearchAction\",\"target\":{\"@type\":\"EntryPoint\",\"urlTemplate\":\"https:\\\/\\\/brandgioielli.it\\\/?s={search_term_string}\"},\"query-input\":{\"@type\":\"PropertyValueSpecification\",\"valueRequired\":true,\"valueName\":\"search_term_string\"}}],\"inLanguage\":\"de\"},{\"@type\":\"Organization\",\"@id\":\"https:\\\/\\\/brandgioielli.it\\\/#organization\",\"name\":\"Brand Gioielli\",\"url\":\"https:\\\/\\\/brandgioielli.it\\\/\",\"logo\":{\"@type\":\"ImageObject\",\"inLanguage\":\"de\",\"@id\":\"https:\\\/\\\/brandgioielli.it\\\/#\\\/schema\\\/logo\\\/image\\\/\",\"url\":\"https:\\\/\\\/brandgioielli.it\\\/wp-content\\\/uploads\\\/2025\\\/07\\\/LogoBrand.png\",\"contentUrl\":\"https:\\\/\\\/brandgioielli.it\\\/wp-content\\\/uploads\\\/2025\\\/07\\\/LogoBrand.png\",\"width\":600,\"height\":170,\"caption\":\"Brand Gioielli\"},\"image\":{\"@id\":\"https:\\\/\\\/brandgioielli.it\\\/#\\\/schema\\\/logo\\\/image\\\/\"}}]}<\/script>\n<!-- \/ Yoast SEO plugin. -->","yoast_head_json":{"title":"Bracciale Ematite Rodiata Malachite Verde - #BrandGioielli","description":"Acquista ora su Brand Gioielli: Bracciale Ematite Rodiata Malachite Verde","robots":{"index":"index","follow":"follow","max-snippet":"max-snippet:-1","max-image-preview":"max-image-preview:large","max-video-preview":"max-video-preview:-1"},"canonical":"https:\/\/brandgioielli.it\/de\/produkt\/bracciale-ematite-rodiata-malachite-verde\/","og_locale":"de_DE","og_type":"article","og_title":"Bracciale Ematite Rodiata Malachite Verde - #BrandGioielli","og_description":"Acquista ora su Brand Gioielli: Bracciale Ematite Rodiata Malachite Verde","og_url":"https:\/\/brandgioielli.it\/de\/produkt\/bracciale-ematite-rodiata-malachite-verde\/","og_site_name":"#BrandGioielli","article_modified_time":"2026-04-20T16:18:46+00:00","og_image":[{"width":800,"height":800,"url":"https:\/\/brandgioielli.it\/wp-content\/uploads\/2025\/12\/Bracciale-cubi-ematite-rodiata-malachite-verde.jpg","type":"image\/jpeg"}],"twitter_card":"summary_large_image","twitter_misc":{"Gesch\u00e4tzte Lesezeit":"2\u00a0Minuten"},"schema":{"@context":"https:\/\/schema.org","@graph":[{"@type":"WebPage","@id":"https:\/\/brandgioielli.it\/prodotto\/bracciale-ematite-rodiata-malachite-verde\/","url":"https:\/\/brandgioielli.it\/prodotto\/bracciale-ematite-rodiata-malachite-verde\/","name":"Bracciale Ematite Rodiata Malachite Verde - #BrandGioielli","isPartOf":{"@id":"https:\/\/brandgioielli.it\/#website"},"primaryImageOfPage":{"@id":"https:\/\/brandgioielli.it\/prodotto\/bracciale-ematite-rodiata-malachite-verde\/#primaryimage"},"image":{"@id":"https:\/\/brandgioielli.it\/prodotto\/bracciale-ematite-rodiata-malachite-verde\/#primaryimage"},"thumbnailUrl":"https:\/\/brandgioielli.it\/wp-content\/uploads\/2025\/12\/Bracciale-cubi-ematite-rodiata-malachite-verde.jpg","datePublished":"2026-01-15T15:35:32+00:00","dateModified":"2026-04-20T16:18:46+00:00","description":"Acquista ora su Brand Gioielli: Bracciale Ematite Rodiata Malachite Verde","breadcrumb":{"@id":"https:\/\/brandgioielli.it\/prodotto\/bracciale-ematite-rodiata-malachite-verde\/#breadcrumb"},"inLanguage":"de","potentialAction":[{"@type":"ReadAction","target":["https:\/\/brandgioielli.it\/prodotto\/bracciale-ematite-rodiata-malachite-verde\/"]}]},{"@type":"ImageObject","inLanguage":"de","@id":"https:\/\/brandgioielli.it\/prodotto\/bracciale-ematite-rodiata-malachite-verde\/#primaryimage","url":"https:\/\/brandgioielli.it\/wp-content\/uploads\/2025\/12\/Bracciale-cubi-ematite-rodiata-malachite-verde.jpg","contentUrl":"https:\/\/brandgioielli.it\/wp-content\/uploads\/2025\/12\/Bracciale-cubi-ematite-rodiata-malachite-verde.jpg","width":800,"height":800},{"@type":"BreadcrumbList","@id":"https:\/\/brandgioielli.it\/prodotto\/bracciale-ematite-rodiata-malachite-verde\/#breadcrumb","itemListElement":[{"@type":"ListItem","position":1,"name":"Home","item":"https:\/\/brandgioielli.it\/"},{"@type":"ListItem","position":2,"name":"Shop","item":"https:\/\/brandgioielli.it\/shop\/"},{"@type":"ListItem","position":3,"name":"Bracciale Ematite Rodiata Malachite Verde"}]},{"@type":"WebSite","@id":"https:\/\/brandgioielli.it\/#website","url":"https:\/\/brandgioielli.it\/","name":"#BrandGioielli","description":"","publisher":{"@id":"https:\/\/brandgioielli.it\/#organization"},"potentialAction":[{"@type":"SearchAction","target":{"@type":"EntryPoint","urlTemplate":"https:\/\/brandgioielli.it\/?s={search_term_string}"},"query-input":{"@type":"PropertyValueSpecification","valueRequired":true,"valueName":"search_term_string"}}],"inLanguage":"de"},{"@type":"Organization","@id":"https:\/\/brandgioielli.it\/#organization","name":"Markenschmuck","url":"https:\/\/brandgioielli.it\/","logo":{"@type":"ImageObject","inLanguage":"de","@id":"https:\/\/brandgioielli.it\/#\/schema\/logo\/image\/","url":"https:\/\/brandgioielli.it\/wp-content\/uploads\/2025\/07\/LogoBrand.png","contentUrl":"https:\/\/brandgioielli.it\/wp-content\/uploads\/2025\/07\/LogoBrand.png","width":600,"height":170,"caption":"Brand Gioielli"},"image":{"@id":"https:\/\/brandgioielli.it\/#\/schema\/logo\/image\/"}}]}},"_links":{"self":[{"href":"https:\/\/brandgioielli.it\/de\/wp-json\/wp\/v2\/product\/101248","targetHints":{"allow":["GET"]}}],"collection":[{"href":"https:\/\/brandgioielli.it\/de\/wp-json\/wp\/v2\/product"}],"about":[{"href":"https:\/\/brandgioielli.it\/de\/wp-json\/wp\/v2\/types\/product"}],"version-history":[{"count":1,"href":"https:\/\/brandgioielli.it\/de\/wp-json\/wp\/v2\/product\/101248\/revisions"}],"predecessor-version":[{"id":101249,"href":"https:\/\/brandgioielli.it\/de\/wp-json\/wp\/v2\/product\/101248\/revisions\/101249"}],"wp:featuredmedia":[{"embeddable":true,"href":"https:\/\/brandgioielli.it\/de\/wp-json\/wp\/v2\/media\/101188"}],"wp:attachment":[{"href":"https:\/\/brandgioielli.it\/de\/wp-json\/wp\/v2\/media?parent=101248"}],"wp:term":[{"taxonomy":"product_brand","embeddable":true,"href":"https:\/\/brandgioielli.it\/de\/wp-json\/wp\/v2\/product_brand?post=101248"},{"taxonomy":"product_cat","embeddable":true,"href":"https:\/\/brandgioielli.it\/de\/wp-json\/wp\/v2\/product_cat?post=101248"},{"taxonomy":"product_tag","embeddable":true,"href":"https:\/\/brandgioielli.it\/de\/wp-json\/wp\/v2\/product_tag?post=101248"}],"curies":[{"name":"wp","href":"https:\/\/api.w.org\/{rel}","templated":true}]}}