{"id":100313,"date":"2025-11-11T14:43:15","date_gmt":"2025-11-11T13:43:15","guid":{"rendered":"https:\/\/sandybrown-lark-277155.hostingersite.com\/?post_type=product&#038;p=100313"},"modified":"2026-04-17T18:18:39","modified_gmt":"2026-04-17T16:18:39","slug":"bracciale-rosso-blu","status":"publish","type":"product","link":"https:\/\/brandgioielli.it\/de\/produkt\/bracciale-rosso-blu\/","title":{"rendered":"Rot-blaues Armband f\u00fcr M\u00e4nner und Kinder"},"content":{"rendered":"<h2>Rot-blaues Armband f\u00fcr M\u00e4nner und Kinder<\/h2>\n<p data-start=\"220\" data-end=\"751\">Das rot-blaue Armband von #Brand Gioielli f\u00fcr Damen und Herren besticht durch sein modernes und dynamisches Design. Es besteht aus einer Reihe von Stahlkugeln, die mit emaillierten Scheiben und Zylindern in den Teamfarben verziert sind. Entworfen f\u00fcr alle, die gerne im Partnerlook auftreten, ist es in zwei Gr\u00f6\u00dfen f\u00fcr Erwachsene und Kinder erh\u00e4ltlich und eignet sich perfekt f\u00fcr ein Vater-Sohn-Duo mit starker Symbolkraft. Dieses vielseitige und moderne Schmuckst\u00fcck ist ideal f\u00fcr jeden Tag und dr\u00fcckt Leidenschaft, Identit\u00e4t und besondere Verbundenheit aus. Mit teambezogenen Anh\u00e4ngern l\u00e4sst es sich individuell gestalten und so einen einzigartigen Familien-Look kreieren.<\/p>\n<p><strong>TECHNISCHE DATEN<\/strong><\/p>\n<ul>\n<li>Rot-blaues Armband f\u00fcr M\u00e4nner und Kinder<\/li>\n<li>L\u00e4nge des Herrenmodells: 19 cm + 3 cm Verl\u00e4ngerung<\/li>\n<li>L\u00e4nge des Kindermodells: 13 cm + 3 cm Verl\u00e4ngerung<\/li>\n<li>Farbige Laufgr\u00f6\u00dfe: 4 mm<\/li>\n<li>Ausf\u00fchrung: Stahl<\/li>\n<li>Material: Edelstahl, Emaille<\/li>\n<\/ul>\n<p><em>Alle Schmuckst\u00fccke der Marke #Brand sind aus dem reinsten chirurgischen Edelstahl auf dem Markt hergestellt, auf Nickel getestet und so konzipiert, dass sie jeden Tag getragen werden k\u00f6nnen, ohne dass Verf\u00e4rbungen oder Verschlei\u00dferscheinungen zu bef\u00fcrchten sind.\u00a0<\/em><\/p>","protected":false},"excerpt":{"rendered":"<p>Bracciale Rosso Blu Uomo e Bambino Il bracciale rosso blu sia da uomo che da bambino firmato #Brand Gioielli si distingue per il suo design moderno e dinamico, caratterizzato da una sequenza di sfere in acciaio arricchite da dischetti e barilotti smaltati nei colori delle squadre. Pensato per chi ama condividere uno stile coordinato, \u00e8 [&hellip;]<\/p>\n","protected":false},"featured_media":100319,"template":"","meta":[],"product_brand":[],"product_cat":[33,466,73,459,469,38,474,499,506,509,39],"product_tag":[86],"class_list":{"0":"post-100313","1":"product","2":"type-product","3":"status-publish","4":"has-post-thumbnail","6":"product_cat-bambini","7":"product_cat-bimbo","8":"product_cat-bracciale-bambino","9":"product_cat-bracciali","10":"product_cat-bracciali-papa-figlio","11":"product_cat-bracciali-uomo","12":"product_cat-componibili","13":"product_cat-papa","14":"product_cat-sotto-i-20e","15":"product_cat-squadra-del-cuore","16":"product_cat-uomo","17":"product_tag-collezione-champions","19":"first","20":"instock","21":"shipping-taxable","22":"purchasable","23":"product-type-variable"},"yoast_head":"<!-- This site is optimized with the Yoast SEO plugin v27.4 - https:\/\/yoast.com\/product\/yoast-seo-wordpress\/ -->\n<title>Bracciale Rosso Blu Uomo e Bambino - #BrandGioielli<\/title>\n<meta name=\"description\" content=\"Acquista ora su Brand Gioielli: Bracciale Rosso Blu Uomo e Bambino\" \/>\n<meta name=\"robots\" content=\"index, follow, max-snippet:-1, max-image-preview:large, max-video-preview:-1\" \/>\n<link rel=\"canonical\" href=\"https:\/\/brandgioielli.it\/de\/produkt\/bracciale-rosso-blu\/\" \/>\n<meta property=\"og:locale\" content=\"de_DE\" \/>\n<meta property=\"og:type\" content=\"article\" \/>\n<meta property=\"og:title\" content=\"Bracciale Rosso Blu Uomo e Bambino - #BrandGioielli\" \/>\n<meta property=\"og:description\" content=\"Acquista ora su Brand Gioielli: Bracciale Rosso Blu Uomo e Bambino\" \/>\n<meta property=\"og:url\" content=\"https:\/\/brandgioielli.it\/de\/produkt\/bracciale-rosso-blu\/\" \/>\n<meta property=\"og:site_name\" content=\"#BrandGioielli\" \/>\n<meta property=\"article:modified_time\" content=\"2026-04-17T16:18:39+00:00\" \/>\n<meta property=\"og:image\" content=\"https:\/\/brandgioielli.it\/wp-content\/uploads\/2025\/11\/bracciale-rosso-blu-uomo.jpg\" \/>\n\t<meta property=\"og:image:width\" content=\"2000\" \/>\n\t<meta property=\"og:image:height\" content=\"2000\" \/>\n\t<meta property=\"og:image:type\" content=\"image\/jpeg\" \/>\n<meta name=\"twitter:card\" content=\"summary_large_image\" \/>\n<meta name=\"twitter:label1\" content=\"Gesch\u00e4tzte Lesezeit\" \/>\n\t<meta name=\"twitter:data1\" content=\"2\u00a0Minuten\" \/>\n<script type=\"application\/ld+json\" class=\"yoast-schema-graph\">{\"@context\":\"https:\\\/\\\/schema.org\",\"@graph\":[{\"@type\":\"WebPage\",\"@id\":\"https:\\\/\\\/brandgioielli.it\\\/prodotto\\\/bracciale-rosso-blu\\\/\",\"url\":\"https:\\\/\\\/brandgioielli.it\\\/prodotto\\\/bracciale-rosso-blu\\\/\",\"name\":\"Bracciale Rosso Blu Uomo e Bambino - #BrandGioielli\",\"isPartOf\":{\"@id\":\"https:\\\/\\\/brandgioielli.it\\\/#website\"},\"primaryImageOfPage\":{\"@id\":\"https:\\\/\\\/brandgioielli.it\\\/prodotto\\\/bracciale-rosso-blu\\\/#primaryimage\"},\"image\":{\"@id\":\"https:\\\/\\\/brandgioielli.it\\\/prodotto\\\/bracciale-rosso-blu\\\/#primaryimage\"},\"thumbnailUrl\":\"https:\\\/\\\/brandgioielli.it\\\/wp-content\\\/uploads\\\/2025\\\/11\\\/bracciale-rosso-blu-uomo.jpg\",\"datePublished\":\"2025-11-11T13:43:15+00:00\",\"dateModified\":\"2026-04-17T16:18:39+00:00\",\"description\":\"Acquista ora su Brand Gioielli: Bracciale Rosso Blu Uomo e Bambino\",\"breadcrumb\":{\"@id\":\"https:\\\/\\\/brandgioielli.it\\\/prodotto\\\/bracciale-rosso-blu\\\/#breadcrumb\"},\"inLanguage\":\"de\",\"potentialAction\":[{\"@type\":\"ReadAction\",\"target\":[\"https:\\\/\\\/brandgioielli.it\\\/prodotto\\\/bracciale-rosso-blu\\\/\"]}]},{\"@type\":\"ImageObject\",\"inLanguage\":\"de\",\"@id\":\"https:\\\/\\\/brandgioielli.it\\\/prodotto\\\/bracciale-rosso-blu\\\/#primaryimage\",\"url\":\"https:\\\/\\\/brandgioielli.it\\\/wp-content\\\/uploads\\\/2025\\\/11\\\/bracciale-rosso-blu-uomo.jpg\",\"contentUrl\":\"https:\\\/\\\/brandgioielli.it\\\/wp-content\\\/uploads\\\/2025\\\/11\\\/bracciale-rosso-blu-uomo.jpg\",\"width\":2000,\"height\":2000},{\"@type\":\"BreadcrumbList\",\"@id\":\"https:\\\/\\\/brandgioielli.it\\\/prodotto\\\/bracciale-rosso-blu\\\/#breadcrumb\",\"itemListElement\":[{\"@type\":\"ListItem\",\"position\":1,\"name\":\"Home\",\"item\":\"https:\\\/\\\/brandgioielli.it\\\/\"},{\"@type\":\"ListItem\",\"position\":2,\"name\":\"Shop\",\"item\":\"https:\\\/\\\/brandgioielli.it\\\/shop\\\/\"},{\"@type\":\"ListItem\",\"position\":3,\"name\":\"Bracciale Rosso Blu Uomo e Bambino\"}]},{\"@type\":\"WebSite\",\"@id\":\"https:\\\/\\\/brandgioielli.it\\\/#website\",\"url\":\"https:\\\/\\\/brandgioielli.it\\\/\",\"name\":\"#BrandGioielli\",\"description\":\"\",\"publisher\":{\"@id\":\"https:\\\/\\\/brandgioielli.it\\\/#organization\"},\"potentialAction\":[{\"@type\":\"SearchAction\",\"target\":{\"@type\":\"EntryPoint\",\"urlTemplate\":\"https:\\\/\\\/brandgioielli.it\\\/?s={search_term_string}\"},\"query-input\":{\"@type\":\"PropertyValueSpecification\",\"valueRequired\":true,\"valueName\":\"search_term_string\"}}],\"inLanguage\":\"de\"},{\"@type\":\"Organization\",\"@id\":\"https:\\\/\\\/brandgioielli.it\\\/#organization\",\"name\":\"Brand Gioielli\",\"url\":\"https:\\\/\\\/brandgioielli.it\\\/\",\"logo\":{\"@type\":\"ImageObject\",\"inLanguage\":\"de\",\"@id\":\"https:\\\/\\\/brandgioielli.it\\\/#\\\/schema\\\/logo\\\/image\\\/\",\"url\":\"https:\\\/\\\/brandgioielli.it\\\/wp-content\\\/uploads\\\/2025\\\/07\\\/LogoBrand.png\",\"contentUrl\":\"https:\\\/\\\/brandgioielli.it\\\/wp-content\\\/uploads\\\/2025\\\/07\\\/LogoBrand.png\",\"width\":600,\"height\":170,\"caption\":\"Brand Gioielli\"},\"image\":{\"@id\":\"https:\\\/\\\/brandgioielli.it\\\/#\\\/schema\\\/logo\\\/image\\\/\"}}]}<\/script>\n<!-- \/ Yoast SEO plugin. -->","yoast_head_json":{"title":"Rotes und blaues Armband f\u00fcr Herren und Kinder - #BrandGioielli","description":"Jetzt bei Brand Gioielli shoppen: Rotes und blaues Armband f\u00fcr Herren und Kinder","robots":{"index":"index","follow":"follow","max-snippet":"max-snippet:-1","max-image-preview":"max-image-preview:large","max-video-preview":"max-video-preview:-1"},"canonical":"https:\/\/brandgioielli.it\/de\/produkt\/bracciale-rosso-blu\/","og_locale":"de_DE","og_type":"article","og_title":"Bracciale Rosso Blu Uomo e Bambino - #BrandGioielli","og_description":"Acquista ora su Brand Gioielli: Bracciale Rosso Blu Uomo e Bambino","og_url":"https:\/\/brandgioielli.it\/de\/produkt\/bracciale-rosso-blu\/","og_site_name":"#BrandGioielli","article_modified_time":"2026-04-17T16:18:39+00:00","og_image":[{"width":2000,"height":2000,"url":"https:\/\/brandgioielli.it\/wp-content\/uploads\/2025\/11\/bracciale-rosso-blu-uomo.jpg","type":"image\/jpeg"}],"twitter_card":"summary_large_image","twitter_misc":{"Gesch\u00e4tzte Lesezeit":"2\u00a0Minuten"},"schema":{"@context":"https:\/\/schema.org","@graph":[{"@type":"WebPage","@id":"https:\/\/brandgioielli.it\/prodotto\/bracciale-rosso-blu\/","url":"https:\/\/brandgioielli.it\/prodotto\/bracciale-rosso-blu\/","name":"Rotes und blaues Armband f\u00fcr Herren und Kinder - #BrandGioielli","isPartOf":{"@id":"https:\/\/brandgioielli.it\/#website"},"primaryImageOfPage":{"@id":"https:\/\/brandgioielli.it\/prodotto\/bracciale-rosso-blu\/#primaryimage"},"image":{"@id":"https:\/\/brandgioielli.it\/prodotto\/bracciale-rosso-blu\/#primaryimage"},"thumbnailUrl":"https:\/\/brandgioielli.it\/wp-content\/uploads\/2025\/11\/bracciale-rosso-blu-uomo.jpg","datePublished":"2025-11-11T13:43:15+00:00","dateModified":"2026-04-17T16:18:39+00:00","description":"Jetzt bei Brand Gioielli shoppen: Rotes und blaues Armband f\u00fcr Herren und Kinder","breadcrumb":{"@id":"https:\/\/brandgioielli.it\/prodotto\/bracciale-rosso-blu\/#breadcrumb"},"inLanguage":"de","potentialAction":[{"@type":"ReadAction","target":["https:\/\/brandgioielli.it\/prodotto\/bracciale-rosso-blu\/"]}]},{"@type":"ImageObject","inLanguage":"de","@id":"https:\/\/brandgioielli.it\/prodotto\/bracciale-rosso-blu\/#primaryimage","url":"https:\/\/brandgioielli.it\/wp-content\/uploads\/2025\/11\/bracciale-rosso-blu-uomo.jpg","contentUrl":"https:\/\/brandgioielli.it\/wp-content\/uploads\/2025\/11\/bracciale-rosso-blu-uomo.jpg","width":2000,"height":2000},{"@type":"BreadcrumbList","@id":"https:\/\/brandgioielli.it\/prodotto\/bracciale-rosso-blu\/#breadcrumb","itemListElement":[{"@type":"ListItem","position":1,"name":"Home","item":"https:\/\/brandgioielli.it\/"},{"@type":"ListItem","position":2,"name":"Shop","item":"https:\/\/brandgioielli.it\/shop\/"},{"@type":"ListItem","position":3,"name":"Bracciale Rosso Blu Uomo e Bambino"}]},{"@type":"WebSite","@id":"https:\/\/brandgioielli.it\/#website","url":"https:\/\/brandgioielli.it\/","name":"#BrandGioielli","description":"","publisher":{"@id":"https:\/\/brandgioielli.it\/#organization"},"potentialAction":[{"@type":"SearchAction","target":{"@type":"EntryPoint","urlTemplate":"https:\/\/brandgioielli.it\/?s={search_term_string}"},"query-input":{"@type":"PropertyValueSpecification","valueRequired":true,"valueName":"search_term_string"}}],"inLanguage":"de"},{"@type":"Organization","@id":"https:\/\/brandgioielli.it\/#organization","name":"Markenschmuck","url":"https:\/\/brandgioielli.it\/","logo":{"@type":"ImageObject","inLanguage":"de","@id":"https:\/\/brandgioielli.it\/#\/schema\/logo\/image\/","url":"https:\/\/brandgioielli.it\/wp-content\/uploads\/2025\/07\/LogoBrand.png","contentUrl":"https:\/\/brandgioielli.it\/wp-content\/uploads\/2025\/07\/LogoBrand.png","width":600,"height":170,"caption":"Brand Gioielli"},"image":{"@id":"https:\/\/brandgioielli.it\/#\/schema\/logo\/image\/"}}]}},"_links":{"self":[{"href":"https:\/\/brandgioielli.it\/de\/wp-json\/wp\/v2\/product\/100313","targetHints":{"allow":["GET"]}}],"collection":[{"href":"https:\/\/brandgioielli.it\/de\/wp-json\/wp\/v2\/product"}],"about":[{"href":"https:\/\/brandgioielli.it\/de\/wp-json\/wp\/v2\/types\/product"}],"version-history":[{"count":7,"href":"https:\/\/brandgioielli.it\/de\/wp-json\/wp\/v2\/product\/100313\/revisions"}],"predecessor-version":[{"id":105905,"href":"https:\/\/brandgioielli.it\/de\/wp-json\/wp\/v2\/product\/100313\/revisions\/105905"}],"wp:featuredmedia":[{"embeddable":true,"href":"https:\/\/brandgioielli.it\/de\/wp-json\/wp\/v2\/media\/100319"}],"wp:attachment":[{"href":"https:\/\/brandgioielli.it\/de\/wp-json\/wp\/v2\/media?parent=100313"}],"wp:term":[{"taxonomy":"product_brand","embeddable":true,"href":"https:\/\/brandgioielli.it\/de\/wp-json\/wp\/v2\/product_brand?post=100313"},{"taxonomy":"product_cat","embeddable":true,"href":"https:\/\/brandgioielli.it\/de\/wp-json\/wp\/v2\/product_cat?post=100313"},{"taxonomy":"product_tag","embeddable":true,"href":"https:\/\/brandgioielli.it\/de\/wp-json\/wp\/v2\/product_tag?post=100313"}],"curies":[{"name":"wp","href":"https:\/\/api.w.org\/{rel}","templated":true}]}}