{"id":100120,"date":"2025-11-06T17:08:13","date_gmt":"2025-11-06T16:08:13","guid":{"rendered":"https:\/\/sandybrown-lark-277155.hostingersite.com\/?post_type=product&#038;p=100120"},"modified":"2026-04-17T18:17:36","modified_gmt":"2026-04-17T16:17:36","slug":"bracciale-natalizio-bastoncino-zucchero","status":"publish","type":"product","link":"https:\/\/brandgioielli.it\/de\/produkt\/bracciale-natalizio-bastoncino-zucchero\/","title":{"rendered":"Zuckerstange Weihnachtsarmband"},"content":{"rendered":"<h2>Weihnachtsarmband mit Zuckerstange<\/h2>\n<p>Das rhodinierte H\u00e4matit- und Gold-PVD-Armband mit Zuckerstangen- und anderen Weihnachtsanh\u00e4ngern von #Brand Gioielli ist ein strahlendes und elegantes Accessoire, das winterlichen Outfits einen festlichen Touch verleiht. Gefertigt aus H\u00e4matit und hypoallergenem Edelstahl, ist es mit weihnachtlichen Kugeln und kleinen Anh\u00e4ngern wie einem Baum und einem Lebkuchenmann verziert. Elegant und vielseitig, passt es zu jedem Stil und ist die perfekte, originelle Geschenkidee, um die Feiertage mit einem Hauch von Glanz zu feiern.<\/p>\n<p><strong>TECHNISCHE DATEN<\/strong><\/p>\n<ul>\n<li>Weihnachtsarmband mit Zuckerstange<\/li>\n<li>L\u00e4nge: 16 cm + 3 cm Verl\u00e4ngerung<\/li>\n<li>Oberfl\u00e4che: H\u00e4matit und Gold-PVD<\/li>\n<li>Material: Edelstahl und hypoallergenes H\u00e4matit<\/li>\n<\/ul>\n<p><em>Alle Schmuckst\u00fccke von #Brand werden aus dem reinsten chirurgischen Edelstahl hergestellt, der auf Nickel getestet wurde, und sind so konzipiert, dass sie jeden Tag getragen werden k\u00f6nnen, ohne dass Verf\u00e4rbungen oder Abnutzungserscheinungen zu bef\u00fcrchten sind, und sie sind wasserfest.\u00a0<\/em><\/p>","protected":false},"excerpt":{"rendered":"<p>Bracciale Natalizio con Bastoncino di Zucchero Il bracciale in ematite rodiata e pvd oro con bastoncino di zucchero ed altri pendenti natalizi firmato #Brand Gioielli \u00e8 un accessorio luminoso e raffinato, perfetto per aggiungere un tocco festoso ai look invernali. Realizzato in ematite ed acciaio inossidabile ipoallergenico, \u00e8 impreziosito da sfere e piccoli charm a [&hellip;]<\/p>\n","protected":false},"featured_media":100126,"template":"","meta":[],"product_brand":[],"product_cat":[459,20,492,507],"product_tag":[103],"class_list":{"0":"post-100120","1":"product","2":"type-product","3":"status-publish","4":"has-post-thumbnail","6":"product_cat-bracciali","7":"product_cat-bracciali-donna","8":"product_cat-natale","9":"product_cat-sotto-i-30e","10":"product_tag-collezione-natale","12":"first","13":"instock","14":"shipping-taxable","15":"purchasable","16":"product-type-simple"},"yoast_head":"<!-- This site is optimized with the Yoast SEO plugin v27.4 - https:\/\/yoast.com\/product\/yoast-seo-wordpress\/ -->\n<title>Bracciale Natalizio Bastoncino Zucchero - #BrandGioielli<\/title>\n<meta name=\"description\" content=\"Acquista ora su Brand Gioielli: Bracciale Natalizio Bastoncino Zucchero\" \/>\n<meta name=\"robots\" content=\"index, follow, max-snippet:-1, max-image-preview:large, max-video-preview:-1\" \/>\n<link rel=\"canonical\" href=\"https:\/\/brandgioielli.it\/de\/produkt\/bracciale-natalizio-bastoncino-zucchero\/\" \/>\n<meta property=\"og:locale\" content=\"de_DE\" \/>\n<meta property=\"og:type\" content=\"article\" \/>\n<meta property=\"og:title\" content=\"Bracciale Natalizio Bastoncino Zucchero - #BrandGioielli\" \/>\n<meta property=\"og:description\" content=\"Acquista ora su Brand Gioielli: Bracciale Natalizio Bastoncino Zucchero\" \/>\n<meta property=\"og:url\" content=\"https:\/\/brandgioielli.it\/de\/produkt\/bracciale-natalizio-bastoncino-zucchero\/\" \/>\n<meta property=\"og:site_name\" content=\"#BrandGioielli\" \/>\n<meta property=\"article:modified_time\" content=\"2026-04-17T16:17:36+00:00\" \/>\n<meta property=\"og:image\" content=\"http:\/\/brandgioielli.it\/wp-content\/uploads\/2025\/11\/Bracciale-bastoncino-zucchero-1.jpg\" \/>\n\t<meta property=\"og:image:width\" content=\"800\" \/>\n\t<meta property=\"og:image:height\" content=\"800\" \/>\n\t<meta property=\"og:image:type\" content=\"image\/jpeg\" \/>\n<meta name=\"twitter:card\" content=\"summary_large_image\" \/>\n<meta name=\"twitter:label1\" content=\"Gesch\u00e4tzte Lesezeit\" \/>\n\t<meta name=\"twitter:data1\" content=\"2\u00a0Minuten\" \/>\n<script type=\"application\/ld+json\" class=\"yoast-schema-graph\">{\"@context\":\"https:\\\/\\\/schema.org\",\"@graph\":[{\"@type\":\"WebPage\",\"@id\":\"https:\\\/\\\/brandgioielli.it\\\/prodotto\\\/bracciale-natalizio-bastoncino-zucchero\\\/\",\"url\":\"https:\\\/\\\/brandgioielli.it\\\/prodotto\\\/bracciale-natalizio-bastoncino-zucchero\\\/\",\"name\":\"Bracciale Natalizio Bastoncino Zucchero - #BrandGioielli\",\"isPartOf\":{\"@id\":\"https:\\\/\\\/brandgioielli.it\\\/#website\"},\"primaryImageOfPage\":{\"@id\":\"https:\\\/\\\/brandgioielli.it\\\/prodotto\\\/bracciale-natalizio-bastoncino-zucchero\\\/#primaryimage\"},\"image\":{\"@id\":\"https:\\\/\\\/brandgioielli.it\\\/prodotto\\\/bracciale-natalizio-bastoncino-zucchero\\\/#primaryimage\"},\"thumbnailUrl\":\"https:\\\/\\\/brandgioielli.it\\\/wp-content\\\/uploads\\\/2025\\\/11\\\/Bracciale-bastoncino-zucchero-1.jpg\",\"datePublished\":\"2025-11-06T16:08:13+00:00\",\"dateModified\":\"2026-04-17T16:17:36+00:00\",\"description\":\"Acquista ora su Brand Gioielli: Bracciale Natalizio Bastoncino Zucchero\",\"breadcrumb\":{\"@id\":\"https:\\\/\\\/brandgioielli.it\\\/prodotto\\\/bracciale-natalizio-bastoncino-zucchero\\\/#breadcrumb\"},\"inLanguage\":\"de\",\"potentialAction\":[{\"@type\":\"ReadAction\",\"target\":[\"https:\\\/\\\/brandgioielli.it\\\/prodotto\\\/bracciale-natalizio-bastoncino-zucchero\\\/\"]}]},{\"@type\":\"ImageObject\",\"inLanguage\":\"de\",\"@id\":\"https:\\\/\\\/brandgioielli.it\\\/prodotto\\\/bracciale-natalizio-bastoncino-zucchero\\\/#primaryimage\",\"url\":\"https:\\\/\\\/brandgioielli.it\\\/wp-content\\\/uploads\\\/2025\\\/11\\\/Bracciale-bastoncino-zucchero-1.jpg\",\"contentUrl\":\"https:\\\/\\\/brandgioielli.it\\\/wp-content\\\/uploads\\\/2025\\\/11\\\/Bracciale-bastoncino-zucchero-1.jpg\",\"width\":800,\"height\":800},{\"@type\":\"BreadcrumbList\",\"@id\":\"https:\\\/\\\/brandgioielli.it\\\/prodotto\\\/bracciale-natalizio-bastoncino-zucchero\\\/#breadcrumb\",\"itemListElement\":[{\"@type\":\"ListItem\",\"position\":1,\"name\":\"Home\",\"item\":\"https:\\\/\\\/brandgioielli.it\\\/\"},{\"@type\":\"ListItem\",\"position\":2,\"name\":\"Shop\",\"item\":\"https:\\\/\\\/brandgioielli.it\\\/shop\\\/\"},{\"@type\":\"ListItem\",\"position\":3,\"name\":\"Bracciale Natalizio Bastoncino Zucchero\"}]},{\"@type\":\"WebSite\",\"@id\":\"https:\\\/\\\/brandgioielli.it\\\/#website\",\"url\":\"https:\\\/\\\/brandgioielli.it\\\/\",\"name\":\"#BrandGioielli\",\"description\":\"\",\"publisher\":{\"@id\":\"https:\\\/\\\/brandgioielli.it\\\/#organization\"},\"potentialAction\":[{\"@type\":\"SearchAction\",\"target\":{\"@type\":\"EntryPoint\",\"urlTemplate\":\"https:\\\/\\\/brandgioielli.it\\\/?s={search_term_string}\"},\"query-input\":{\"@type\":\"PropertyValueSpecification\",\"valueRequired\":true,\"valueName\":\"search_term_string\"}}],\"inLanguage\":\"de\"},{\"@type\":\"Organization\",\"@id\":\"https:\\\/\\\/brandgioielli.it\\\/#organization\",\"name\":\"Brand Gioielli\",\"url\":\"https:\\\/\\\/brandgioielli.it\\\/\",\"logo\":{\"@type\":\"ImageObject\",\"inLanguage\":\"de\",\"@id\":\"https:\\\/\\\/brandgioielli.it\\\/#\\\/schema\\\/logo\\\/image\\\/\",\"url\":\"https:\\\/\\\/brandgioielli.it\\\/wp-content\\\/uploads\\\/2025\\\/07\\\/LogoBrand.png\",\"contentUrl\":\"https:\\\/\\\/brandgioielli.it\\\/wp-content\\\/uploads\\\/2025\\\/07\\\/LogoBrand.png\",\"width\":600,\"height\":170,\"caption\":\"Brand Gioielli\"},\"image\":{\"@id\":\"https:\\\/\\\/brandgioielli.it\\\/#\\\/schema\\\/logo\\\/image\\\/\"}}]}<\/script>\n<!-- \/ Yoast SEO plugin. -->","yoast_head_json":{"title":"Weihnachtsarmband mit Zuckerstangenmotiv - #BrandGioielli","description":"Jetzt bei Brand Gioielli shoppen: Candy Cane Christmas Bracelet","robots":{"index":"index","follow":"follow","max-snippet":"max-snippet:-1","max-image-preview":"max-image-preview:large","max-video-preview":"max-video-preview:-1"},"canonical":"https:\/\/brandgioielli.it\/de\/produkt\/bracciale-natalizio-bastoncino-zucchero\/","og_locale":"de_DE","og_type":"article","og_title":"Bracciale Natalizio Bastoncino Zucchero - #BrandGioielli","og_description":"Acquista ora su Brand Gioielli: Bracciale Natalizio Bastoncino Zucchero","og_url":"https:\/\/brandgioielli.it\/de\/produkt\/bracciale-natalizio-bastoncino-zucchero\/","og_site_name":"#BrandGioielli","article_modified_time":"2026-04-17T16:17:36+00:00","og_image":[{"width":800,"height":800,"url":"http:\/\/brandgioielli.it\/wp-content\/uploads\/2025\/11\/Bracciale-bastoncino-zucchero-1.jpg","type":"image\/jpeg"}],"twitter_card":"summary_large_image","twitter_misc":{"Gesch\u00e4tzte Lesezeit":"2\u00a0Minuten"},"schema":{"@context":"https:\/\/schema.org","@graph":[{"@type":"WebPage","@id":"https:\/\/brandgioielli.it\/prodotto\/bracciale-natalizio-bastoncino-zucchero\/","url":"https:\/\/brandgioielli.it\/prodotto\/bracciale-natalizio-bastoncino-zucchero\/","name":"Weihnachtsarmband mit Zuckerstangenmotiv - #BrandGioielli","isPartOf":{"@id":"https:\/\/brandgioielli.it\/#website"},"primaryImageOfPage":{"@id":"https:\/\/brandgioielli.it\/prodotto\/bracciale-natalizio-bastoncino-zucchero\/#primaryimage"},"image":{"@id":"https:\/\/brandgioielli.it\/prodotto\/bracciale-natalizio-bastoncino-zucchero\/#primaryimage"},"thumbnailUrl":"https:\/\/brandgioielli.it\/wp-content\/uploads\/2025\/11\/Bracciale-bastoncino-zucchero-1.jpg","datePublished":"2025-11-06T16:08:13+00:00","dateModified":"2026-04-17T16:17:36+00:00","description":"Jetzt bei Brand Gioielli shoppen: Candy Cane Christmas Bracelet","breadcrumb":{"@id":"https:\/\/brandgioielli.it\/prodotto\/bracciale-natalizio-bastoncino-zucchero\/#breadcrumb"},"inLanguage":"de","potentialAction":[{"@type":"ReadAction","target":["https:\/\/brandgioielli.it\/prodotto\/bracciale-natalizio-bastoncino-zucchero\/"]}]},{"@type":"ImageObject","inLanguage":"de","@id":"https:\/\/brandgioielli.it\/prodotto\/bracciale-natalizio-bastoncino-zucchero\/#primaryimage","url":"https:\/\/brandgioielli.it\/wp-content\/uploads\/2025\/11\/Bracciale-bastoncino-zucchero-1.jpg","contentUrl":"https:\/\/brandgioielli.it\/wp-content\/uploads\/2025\/11\/Bracciale-bastoncino-zucchero-1.jpg","width":800,"height":800},{"@type":"BreadcrumbList","@id":"https:\/\/brandgioielli.it\/prodotto\/bracciale-natalizio-bastoncino-zucchero\/#breadcrumb","itemListElement":[{"@type":"ListItem","position":1,"name":"Home","item":"https:\/\/brandgioielli.it\/"},{"@type":"ListItem","position":2,"name":"Shop","item":"https:\/\/brandgioielli.it\/shop\/"},{"@type":"ListItem","position":3,"name":"Bracciale Natalizio Bastoncino Zucchero"}]},{"@type":"WebSite","@id":"https:\/\/brandgioielli.it\/#website","url":"https:\/\/brandgioielli.it\/","name":"#BrandGioielli","description":"","publisher":{"@id":"https:\/\/brandgioielli.it\/#organization"},"potentialAction":[{"@type":"SearchAction","target":{"@type":"EntryPoint","urlTemplate":"https:\/\/brandgioielli.it\/?s={search_term_string}"},"query-input":{"@type":"PropertyValueSpecification","valueRequired":true,"valueName":"search_term_string"}}],"inLanguage":"de"},{"@type":"Organization","@id":"https:\/\/brandgioielli.it\/#organization","name":"Markenschmuck","url":"https:\/\/brandgioielli.it\/","logo":{"@type":"ImageObject","inLanguage":"de","@id":"https:\/\/brandgioielli.it\/#\/schema\/logo\/image\/","url":"https:\/\/brandgioielli.it\/wp-content\/uploads\/2025\/07\/LogoBrand.png","contentUrl":"https:\/\/brandgioielli.it\/wp-content\/uploads\/2025\/07\/LogoBrand.png","width":600,"height":170,"caption":"Brand Gioielli"},"image":{"@id":"https:\/\/brandgioielli.it\/#\/schema\/logo\/image\/"}}]}},"_links":{"self":[{"href":"https:\/\/brandgioielli.it\/de\/wp-json\/wp\/v2\/product\/100120","targetHints":{"allow":["GET"]}}],"collection":[{"href":"https:\/\/brandgioielli.it\/de\/wp-json\/wp\/v2\/product"}],"about":[{"href":"https:\/\/brandgioielli.it\/de\/wp-json\/wp\/v2\/types\/product"}],"version-history":[{"count":1,"href":"https:\/\/brandgioielli.it\/de\/wp-json\/wp\/v2\/product\/100120\/revisions"}],"predecessor-version":[{"id":100143,"href":"https:\/\/brandgioielli.it\/de\/wp-json\/wp\/v2\/product\/100120\/revisions\/100143"}],"wp:featuredmedia":[{"embeddable":true,"href":"https:\/\/brandgioielli.it\/de\/wp-json\/wp\/v2\/media\/100126"}],"wp:attachment":[{"href":"https:\/\/brandgioielli.it\/de\/wp-json\/wp\/v2\/media?parent=100120"}],"wp:term":[{"taxonomy":"product_brand","embeddable":true,"href":"https:\/\/brandgioielli.it\/de\/wp-json\/wp\/v2\/product_brand?post=100120"},{"taxonomy":"product_cat","embeddable":true,"href":"https:\/\/brandgioielli.it\/de\/wp-json\/wp\/v2\/product_cat?post=100120"},{"taxonomy":"product_tag","embeddable":true,"href":"https:\/\/brandgioielli.it\/de\/wp-json\/wp\/v2\/product_tag?post=100120"}],"curies":[{"name":"wp","href":"https:\/\/api.w.org\/{rel}","templated":true}]}}